{"id":114,"date":"2025-09-30T14:29:31","date_gmt":"2025-09-30T14:29:31","guid":{"rendered":"https:\/\/officemanager.se\/?post_type=product&#038;p=114"},"modified":"2026-02-02T13:53:35","modified_gmt":"2026-02-02T13:53:35","slug":"3-fliksmapp","status":"publish","type":"product","link":"https:\/\/officemanager.se\/index.php\/produkt\/3-fliksmapp\/","title":{"rendered":"Premium 3-fliksmapp, slitstark"},"content":{"rendered":"<p><span data-sheets-root=\"1\">Sortera papper i 3 olika flikar i en och samma mapp. V\u00e4nligen notera att f\u00e4rgl\u00e4ggningen l\u00e4ngst upp endast \u00e4r f\u00f6r synlighet, f\u00f6r att visa de tre flikarna. G\u00e5r att f\u00e5 med logga (enf\u00e4rgs)<br \/>\n<\/span><\/p>\n","protected":false},"excerpt":{"rendered":"<p>Plastmapp med 3 fack, sortera papper i 3 olika flikar, enormt slitstark. <span data-sheets-root=\"1\">A4-format<\/span><\/p>\n","protected":false},"featured_media":1454,"comment_status":"open","ping_status":"closed","template":"","meta":[],"product_brand":[],"product_cat":[31,32,17],"product_tag":[18],"class_list":{"0":"post-114","1":"product","2":"type-product","3":"status-publish","4":"has-post-thumbnail","6":"product_cat-kontoret","7":"product_cat-for-advokater","8":"product_cat-mappar","9":"product_tag-plastmapp","11":"first","12":"instock","13":"taxable","14":"shipping-taxable","15":"product-type-simple"},"jetpack_sharing_enabled":true,"_links":{"self":[{"href":"https:\/\/officemanager.se\/index.php\/wp-json\/wp\/v2\/product\/114","targetHints":{"allow":["GET"]}}],"collection":[{"href":"https:\/\/officemanager.se\/index.php\/wp-json\/wp\/v2\/product"}],"about":[{"href":"https:\/\/officemanager.se\/index.php\/wp-json\/wp\/v2\/types\/product"}],"replies":[{"embeddable":true,"href":"https:\/\/officemanager.se\/index.php\/wp-json\/wp\/v2\/comments?post=114"}],"wp:featuredmedia":[{"embeddable":true,"href":"https:\/\/officemanager.se\/index.php\/wp-json\/wp\/v2\/media\/1454"}],"wp:attachment":[{"href":"https:\/\/officemanager.se\/index.php\/wp-json\/wp\/v2\/media?parent=114"}],"wp:term":[{"taxonomy":"product_brand","embeddable":true,"href":"https:\/\/officemanager.se\/index.php\/wp-json\/wp\/v2\/product_brand?post=114"},{"taxonomy":"product_cat","embeddable":true,"href":"https:\/\/officemanager.se\/index.php\/wp-json\/wp\/v2\/product_cat?post=114"},{"taxonomy":"product_tag","embeddable":true,"href":"https:\/\/officemanager.se\/index.php\/wp-json\/wp\/v2\/product_tag?post=114"}],"curies":[{"name":"wp","href":"https:\/\/api.w.org\/{rel}","templated":true}]}}