{"id":117,"date":"2025-09-30T14:46:57","date_gmt":"2025-09-30T14:46:57","guid":{"rendered":"https:\/\/officemanager.se\/?post_type=product&#038;p=117"},"modified":"2026-02-09T12:11:14","modified_gmt":"2026-02-09T12:11:14","slug":"3-fliksficka","status":"publish","type":"product","link":"https:\/\/officemanager.se\/index.php\/produkt\/3-fliksficka\/","title":{"rendered":"3-fliksficka"},"content":{"rendered":"<p>Plastficka med 3 fack f\u00f6r med h\u00e5llist f\u00f6r att s\u00e4ttas i p\u00e4rm, A4. V\u00e4nligen notera att f\u00e4rgl\u00e4ggningen l\u00e4ngst upp endast \u00e4r f\u00f6r synlighet, f\u00f6r att visa de tre flikarna. G\u00e5r att f\u00e5 med logga (enf\u00e4rgs)<\/p>\n","protected":false},"excerpt":{"rendered":"<p><span data-sheets-root=\"1\">Sortera papper i 3 olika flikar med h\u00e5llist f\u00f6r att s\u00e4ttas i p\u00e4rm, A4.<\/span><\/p>\n","protected":false},"featured_media":1290,"comment_status":"open","ping_status":"closed","template":"","meta":[],"product_brand":[],"product_cat":[31,32,90,24],"product_tag":[25],"class_list":{"0":"post-117","1":"product","2":"type-product","3":"status-publish","4":"has-post-thumbnail","6":"product_cat-kontoret","7":"product_cat-for-advokater","8":"product_cat-ekonomi-bokforing","9":"product_cat-fickor","10":"product_tag-plastficka","12":"first","13":"instock","14":"taxable","15":"shipping-taxable","16":"product-type-variable"},"jetpack_sharing_enabled":true,"_links":{"self":[{"href":"https:\/\/officemanager.se\/index.php\/wp-json\/wp\/v2\/product\/117","targetHints":{"allow":["GET"]}}],"collection":[{"href":"https:\/\/officemanager.se\/index.php\/wp-json\/wp\/v2\/product"}],"about":[{"href":"https:\/\/officemanager.se\/index.php\/wp-json\/wp\/v2\/types\/product"}],"replies":[{"embeddable":true,"href":"https:\/\/officemanager.se\/index.php\/wp-json\/wp\/v2\/comments?post=117"}],"wp:featuredmedia":[{"embeddable":true,"href":"https:\/\/officemanager.se\/index.php\/wp-json\/wp\/v2\/media\/1290"}],"wp:attachment":[{"href":"https:\/\/officemanager.se\/index.php\/wp-json\/wp\/v2\/media?parent=117"}],"wp:term":[{"taxonomy":"product_brand","embeddable":true,"href":"https:\/\/officemanager.se\/index.php\/wp-json\/wp\/v2\/product_brand?post=117"},{"taxonomy":"product_cat","embeddable":true,"href":"https:\/\/officemanager.se\/index.php\/wp-json\/wp\/v2\/product_cat?post=117"},{"taxonomy":"product_tag","embeddable":true,"href":"https:\/\/officemanager.se\/index.php\/wp-json\/wp\/v2\/product_tag?post=117"}],"curies":[{"name":"wp","href":"https:\/\/api.w.org\/{rel}","templated":true}]}}