{"id":1170,"date":"2026-01-22T08:48:52","date_gmt":"2026-01-22T08:48:52","guid":{"rendered":"https:\/\/officemanager.se\/?post_type=product&#038;p=1170"},"modified":"2026-02-09T12:18:50","modified_gmt":"2026-02-09T12:18:50","slug":"refill-till-pilot-frixion-clicker","status":"publish","type":"product","link":"https:\/\/officemanager.se\/index.php\/produkt\/refill-till-pilot-frixion-clicker\/","title":{"rendered":"Refill till Pilot FriXion Clicker"},"content":{"rendered":"<p>Refill Pilot FriXion Clicker Gelpenna, v\u00e4rmek\u00e4nsligt bl\u00e4ck, l\u00e4tt att radera och korrigera misstag<\/p>\n","protected":false},"excerpt":{"rendered":"<p>Refill till Pilot FriXion Clicker<\/p>\n","protected":false},"featured_media":1173,"comment_status":"open","ping_status":"closed","template":"","meta":[],"product_brand":[28],"product_cat":[31,90,33,27],"product_tag":[30,42],"class_list":{"0":"post-1170","1":"product","2":"type-product","3":"status-publish","4":"has-post-thumbnail","6":"product_brand-pilot","7":"product_cat-kontoret","8":"product_cat-ekonomi-bokforing","9":"product_cat-for-skola-forskola","10":"product_cat-pennor","11":"product_tag-penna","12":"product_tag-refill","14":"first","15":"instock","16":"taxable","17":"shipping-taxable","18":"product-type-simple"},"jetpack_sharing_enabled":true,"_links":{"self":[{"href":"https:\/\/officemanager.se\/index.php\/wp-json\/wp\/v2\/product\/1170","targetHints":{"allow":["GET"]}}],"collection":[{"href":"https:\/\/officemanager.se\/index.php\/wp-json\/wp\/v2\/product"}],"about":[{"href":"https:\/\/officemanager.se\/index.php\/wp-json\/wp\/v2\/types\/product"}],"replies":[{"embeddable":true,"href":"https:\/\/officemanager.se\/index.php\/wp-json\/wp\/v2\/comments?post=1170"}],"wp:featuredmedia":[{"embeddable":true,"href":"https:\/\/officemanager.se\/index.php\/wp-json\/wp\/v2\/media\/1173"}],"wp:attachment":[{"href":"https:\/\/officemanager.se\/index.php\/wp-json\/wp\/v2\/media?parent=1170"}],"wp:term":[{"taxonomy":"product_brand","embeddable":true,"href":"https:\/\/officemanager.se\/index.php\/wp-json\/wp\/v2\/product_brand?post=1170"},{"taxonomy":"product_cat","embeddable":true,"href":"https:\/\/officemanager.se\/index.php\/wp-json\/wp\/v2\/product_cat?post=1170"},{"taxonomy":"product_tag","embeddable":true,"href":"https:\/\/officemanager.se\/index.php\/wp-json\/wp\/v2\/product_tag?post=1170"}],"curies":[{"name":"wp","href":"https:\/\/api.w.org\/{rel}","templated":true}]}}