{"id":1203,"date":"2026-01-22T11:09:50","date_gmt":"2026-01-22T11:09:50","guid":{"rendered":"https:\/\/officemanager.se\/?post_type=product&#038;p=1203"},"modified":"2026-01-22T11:37:27","modified_gmt":"2026-01-22T11:37:27","slug":"privacy-mapp-transparent","status":"publish","type":"product","link":"https:\/\/officemanager.se\/index.php\/produkt\/privacy-mapp-transparent\/","title":{"rendered":"Privacy mapp, bl\u00e5"},"content":{"rendered":"<p>En sekretessmapp som d\u00f6ljer inneh\u00e5llet. Skydda din privata information fr\u00e5n nyfikna \u00f6gon. Det speciella m\u00f6nstret som \u00e4r tryckt p\u00e5 sekretessmappen g\u00f6r handlingarna sv\u00e5ra att l\u00e4sa. Den har ett speciellt m\u00f6nster som g\u00f6r att texter som \u00e4r skriven i typsnitt under 20 blir ol\u00e4sbar, medans texter skrivna i typsnitt \u00f6ver 20 syns. Dvs. du kan sj\u00e4lv se rubriken p\u00e5 dina texter, vilket underl\u00e4ttar din hantering. Men nyfikna \u00f6gon ser inte vad texten handlar om i \u00f6vrigt<\/p>\n","protected":false},"excerpt":{"rendered":"<p>En sekretessmapp som d\u00f6ljer inneh\u00e5llet<\/p>\n","protected":false},"featured_media":1206,"comment_status":"open","ping_status":"closed","template":"","meta":[],"product_brand":[],"product_cat":[31,32,17],"product_tag":[18],"class_list":{"0":"post-1203","1":"product","2":"type-product","3":"status-publish","4":"has-post-thumbnail","6":"product_cat-kontoret","7":"product_cat-for-advokater","8":"product_cat-mappar","9":"product_tag-plastmapp","11":"first","12":"instock","13":"taxable","14":"shipping-taxable","15":"product-type-simple"},"jetpack_sharing_enabled":true,"_links":{"self":[{"href":"https:\/\/officemanager.se\/index.php\/wp-json\/wp\/v2\/product\/1203","targetHints":{"allow":["GET"]}}],"collection":[{"href":"https:\/\/officemanager.se\/index.php\/wp-json\/wp\/v2\/product"}],"about":[{"href":"https:\/\/officemanager.se\/index.php\/wp-json\/wp\/v2\/types\/product"}],"replies":[{"embeddable":true,"href":"https:\/\/officemanager.se\/index.php\/wp-json\/wp\/v2\/comments?post=1203"}],"wp:featuredmedia":[{"embeddable":true,"href":"https:\/\/officemanager.se\/index.php\/wp-json\/wp\/v2\/media\/1206"}],"wp:attachment":[{"href":"https:\/\/officemanager.se\/index.php\/wp-json\/wp\/v2\/media?parent=1203"}],"wp:term":[{"taxonomy":"product_brand","embeddable":true,"href":"https:\/\/officemanager.se\/index.php\/wp-json\/wp\/v2\/product_brand?post=1203"},{"taxonomy":"product_cat","embeddable":true,"href":"https:\/\/officemanager.se\/index.php\/wp-json\/wp\/v2\/product_cat?post=1203"},{"taxonomy":"product_tag","embeddable":true,"href":"https:\/\/officemanager.se\/index.php\/wp-json\/wp\/v2\/product_tag?post=1203"}],"curies":[{"name":"wp","href":"https:\/\/api.w.org\/{rel}","templated":true}]}}