{"id":1265,"date":"2026-01-23T11:41:45","date_gmt":"2026-01-23T11:41:45","guid":{"rendered":"https:\/\/officemanager.se\/?post_type=product&#038;p=1265"},"modified":"2026-02-02T13:49:18","modified_gmt":"2026-02-02T13:49:18","slug":"info-pocket-for-ex-narvarolistor-sjalvhaftande-avtagbar","status":"publish","type":"product","link":"https:\/\/officemanager.se\/index.php\/produkt\/info-pocket-for-ex-narvarolistor-sjalvhaftande-avtagbar\/","title":{"rendered":"Info-Pocket , f\u00f6r ex n\u00e4rvarolistor, sj\u00e4lvh\u00e4ftande &#038; avtagbar, A4"},"content":{"rendered":"<p>Info-Pocket, sj\u00e4lvh\u00e4ftande med s.k. removable lim som inte l\u00e4mnar m\u00e4rken p\u00e5 h\u00e5rda sl\u00e4ta ytor som t ex glas.<\/p>\n","protected":false},"excerpt":{"rendered":"<p><span data-sheets-root=\"1\">Sj\u00e4lvh\u00e4ftande anslagsficka med l\u00e5sh\u00f6rn<\/span><\/p>\n","protected":false},"featured_media":1269,"comment_status":"open","ping_status":"closed","template":"","meta":[],"product_brand":[],"product_cat":[31,33,43],"product_tag":[48,47],"class_list":{"0":"post-1265","1":"product","2":"type-product","3":"status-publish","4":"has-post-thumbnail","6":"product_cat-kontoret","7":"product_cat-for-skola-forskola","8":"product_cat-anslag-upphangning","9":"product_tag-sjalvhaftande","10":"product_tag-upphangning","12":"first","13":"instock","14":"taxable","15":"shipping-taxable","16":"product-type-simple"},"jetpack_sharing_enabled":true,"_links":{"self":[{"href":"https:\/\/officemanager.se\/index.php\/wp-json\/wp\/v2\/product\/1265","targetHints":{"allow":["GET"]}}],"collection":[{"href":"https:\/\/officemanager.se\/index.php\/wp-json\/wp\/v2\/product"}],"about":[{"href":"https:\/\/officemanager.se\/index.php\/wp-json\/wp\/v2\/types\/product"}],"replies":[{"embeddable":true,"href":"https:\/\/officemanager.se\/index.php\/wp-json\/wp\/v2\/comments?post=1265"}],"wp:featuredmedia":[{"embeddable":true,"href":"https:\/\/officemanager.se\/index.php\/wp-json\/wp\/v2\/media\/1269"}],"wp:attachment":[{"href":"https:\/\/officemanager.se\/index.php\/wp-json\/wp\/v2\/media?parent=1265"}],"wp:term":[{"taxonomy":"product_brand","embeddable":true,"href":"https:\/\/officemanager.se\/index.php\/wp-json\/wp\/v2\/product_brand?post=1265"},{"taxonomy":"product_cat","embeddable":true,"href":"https:\/\/officemanager.se\/index.php\/wp-json\/wp\/v2\/product_cat?post=1265"},{"taxonomy":"product_tag","embeddable":true,"href":"https:\/\/officemanager.se\/index.php\/wp-json\/wp\/v2\/product_tag?post=1265"}],"curies":[{"name":"wp","href":"https:\/\/api.w.org\/{rel}","templated":true}]}}