{"id":1345,"date":"2026-01-26T11:12:08","date_gmt":"2026-01-26T11:12:08","guid":{"rendered":"https:\/\/officemanager.se\/?post_type=product&#038;p=1345"},"modified":"2026-02-09T09:54:22","modified_gmt":"2026-02-09T09:54:22","slug":"gaffelparm-a4-80mm","status":"publish","type":"product","link":"https:\/\/officemanager.se\/index.php\/produkt\/gaffelparm-a4-80mm\/","title":{"rendered":"Gaffelp\u00e4rm A4, 80mm"},"content":{"rendered":"<p data-start=\"0\" data-end=\"126\">Klassisk gaffelp\u00e4rm med tr\u00e4rygg i A4-format \u2013 en tidl\u00f6s och h\u00e5llbar l\u00f6sning f\u00f6r arkivering p\u00e5 kontor, i skola eller hemma.<\/p>\n<p data-start=\"128\" data-end=\"361\">P\u00e4rmen har en robust tr\u00e4rygg som ger extra stabilitet och l\u00e5ng livsl\u00e4ngd, samt ett p\u00e5litligt gaffelmekanism som h\u00e5ller dokumenten s\u00e4kert p\u00e5 plats. Med en ryggbredd p\u00e5 80 mm rymmer den upp till cirka 500 A4-ark (80 g).<\/p>\n","protected":false},"excerpt":{"rendered":"<p>Klassisk gaffelp\u00e4rm med tr\u00e4rygg i A4-format<\/p>\n","protected":false},"featured_media":1352,"comment_status":"open","ping_status":"closed","template":"","meta":[],"product_brand":[],"product_cat":[31,32,90,63],"product_tag":[64],"class_list":{"0":"post-1345","1":"product","2":"type-product","3":"status-publish","4":"has-post-thumbnail","6":"product_cat-kontoret","7":"product_cat-for-advokater","8":"product_cat-ekonomi-bokforing","9":"product_cat-parmar-register","10":"product_tag-parm","12":"first","13":"instock","14":"taxable","15":"shipping-taxable","16":"product-type-variable"},"jetpack_sharing_enabled":true,"_links":{"self":[{"href":"https:\/\/officemanager.se\/index.php\/wp-json\/wp\/v2\/product\/1345","targetHints":{"allow":["GET"]}}],"collection":[{"href":"https:\/\/officemanager.se\/index.php\/wp-json\/wp\/v2\/product"}],"about":[{"href":"https:\/\/officemanager.se\/index.php\/wp-json\/wp\/v2\/types\/product"}],"replies":[{"embeddable":true,"href":"https:\/\/officemanager.se\/index.php\/wp-json\/wp\/v2\/comments?post=1345"}],"wp:featuredmedia":[{"embeddable":true,"href":"https:\/\/officemanager.se\/index.php\/wp-json\/wp\/v2\/media\/1352"}],"wp:attachment":[{"href":"https:\/\/officemanager.se\/index.php\/wp-json\/wp\/v2\/media?parent=1345"}],"wp:term":[{"taxonomy":"product_brand","embeddable":true,"href":"https:\/\/officemanager.se\/index.php\/wp-json\/wp\/v2\/product_brand?post=1345"},{"taxonomy":"product_cat","embeddable":true,"href":"https:\/\/officemanager.se\/index.php\/wp-json\/wp\/v2\/product_cat?post=1345"},{"taxonomy":"product_tag","embeddable":true,"href":"https:\/\/officemanager.se\/index.php\/wp-json\/wp\/v2\/product_tag?post=1345"}],"curies":[{"name":"wp","href":"https:\/\/api.w.org\/{rel}","templated":true}]}}