{"id":1361,"date":"2026-01-27T08:50:53","date_gmt":"2026-01-27T08:50:53","guid":{"rendered":"https:\/\/officemanager.se\/?post_type=product&#038;p=1361"},"modified":"2026-02-05T11:25:42","modified_gmt":"2026-02-05T11:25:42","slug":"upphangningskrok-plast","status":"publish","type":"product","link":"https:\/\/officemanager.se\/index.php\/produkt\/upphangningskrok-plast\/","title":{"rendered":"Upph\u00e4ngningskrok, plast, \u00e5teranv\u00e4ndbar"},"content":{"rendered":"<p>F\u00f6r upph\u00e4ngning av kl\u00e4der\/handdukar utan att skada underlaget.<\/p>\n","protected":false},"excerpt":{"rendered":"<p>Enkel att reng\u00f6ra med ljummet vatten och kan \u00e5teranv\u00e4ndas flera g\u00e5nger.<\/p>\n","protected":false},"featured_media":1362,"comment_status":"open","ping_status":"closed","template":"","meta":[],"product_brand":[],"product_cat":[33,43],"product_tag":[48,47],"class_list":{"0":"post-1361","1":"product","2":"type-product","3":"status-publish","4":"has-post-thumbnail","6":"product_cat-for-skola-forskola","7":"product_cat-anslag-upphangning","8":"product_tag-sjalvhaftande","9":"product_tag-upphangning","11":"first","12":"instock","13":"taxable","14":"shipping-taxable","15":"product-type-simple"},"jetpack_sharing_enabled":true,"_links":{"self":[{"href":"https:\/\/officemanager.se\/index.php\/wp-json\/wp\/v2\/product\/1361","targetHints":{"allow":["GET"]}}],"collection":[{"href":"https:\/\/officemanager.se\/index.php\/wp-json\/wp\/v2\/product"}],"about":[{"href":"https:\/\/officemanager.se\/index.php\/wp-json\/wp\/v2\/types\/product"}],"replies":[{"embeddable":true,"href":"https:\/\/officemanager.se\/index.php\/wp-json\/wp\/v2\/comments?post=1361"}],"wp:featuredmedia":[{"embeddable":true,"href":"https:\/\/officemanager.se\/index.php\/wp-json\/wp\/v2\/media\/1362"}],"wp:attachment":[{"href":"https:\/\/officemanager.se\/index.php\/wp-json\/wp\/v2\/media?parent=1361"}],"wp:term":[{"taxonomy":"product_brand","embeddable":true,"href":"https:\/\/officemanager.se\/index.php\/wp-json\/wp\/v2\/product_brand?post=1361"},{"taxonomy":"product_cat","embeddable":true,"href":"https:\/\/officemanager.se\/index.php\/wp-json\/wp\/v2\/product_cat?post=1361"},{"taxonomy":"product_tag","embeddable":true,"href":"https:\/\/officemanager.se\/index.php\/wp-json\/wp\/v2\/product_tag?post=1361"}],"curies":[{"name":"wp","href":"https:\/\/api.w.org\/{rel}","templated":true}]}}