{"id":1365,"date":"2026-01-27T12:38:06","date_gmt":"2026-01-27T12:38:06","guid":{"rendered":"https:\/\/officemanager.se\/?post_type=product&#038;p=1365"},"modified":"2026-02-09T12:17:23","modified_gmt":"2026-02-09T12:17:23","slug":"kulspetspenna-premium-tank-pafyllningsbar-finns-i-flera-farger","status":"publish","type":"product","link":"https:\/\/officemanager.se\/index.php\/produkt\/kulspetspenna-premium-tank-pafyllningsbar-finns-i-flera-farger\/","title":{"rendered":"Kulspetspenna Premium Tank, p\u00e5fyllningsbar, finns i flera f\u00e4rger"},"content":{"rendered":"<p>Det j\u00e4mna och smidiga bl\u00e4ckfl\u00f6det s\u00e4kerst\u00e4ller ett behagligt skrivande fr\u00e5n f\u00f6rsta till sista strecket. Perfekt f\u00f6r b\u00e5de h\u00f6ger- och v\u00e4nsterh\u00e4nta. Bl\u00e4cket torkar snabbt och motverkar utsmetning p\u00e5 papperet. Pennan finns i fyra snygga f\u00e4rger och ger en lyxig k\u00e4nsla. P\u00e5fyllningsbar<\/p>\n","protected":false},"excerpt":{"rendered":"<p>En stilren och p\u00e5litlig kulspetspenna med modern design.<\/p>\n","protected":false},"featured_media":1374,"comment_status":"open","ping_status":"closed","template":"","meta":[],"product_brand":[],"product_cat":[31,32,90,27],"product_tag":[30],"class_list":{"0":"post-1365","1":"product","2":"type-product","3":"status-publish","4":"has-post-thumbnail","6":"product_cat-kontoret","7":"product_cat-for-advokater","8":"product_cat-ekonomi-bokforing","9":"product_cat-pennor","10":"product_tag-penna","12":"first","13":"instock","14":"taxable","15":"shipping-taxable","16":"product-type-variable"},"jetpack_sharing_enabled":true,"_links":{"self":[{"href":"https:\/\/officemanager.se\/index.php\/wp-json\/wp\/v2\/product\/1365","targetHints":{"allow":["GET"]}}],"collection":[{"href":"https:\/\/officemanager.se\/index.php\/wp-json\/wp\/v2\/product"}],"about":[{"href":"https:\/\/officemanager.se\/index.php\/wp-json\/wp\/v2\/types\/product"}],"replies":[{"embeddable":true,"href":"https:\/\/officemanager.se\/index.php\/wp-json\/wp\/v2\/comments?post=1365"}],"wp:featuredmedia":[{"embeddable":true,"href":"https:\/\/officemanager.se\/index.php\/wp-json\/wp\/v2\/media\/1374"}],"wp:attachment":[{"href":"https:\/\/officemanager.se\/index.php\/wp-json\/wp\/v2\/media?parent=1365"}],"wp:term":[{"taxonomy":"product_brand","embeddable":true,"href":"https:\/\/officemanager.se\/index.php\/wp-json\/wp\/v2\/product_brand?post=1365"},{"taxonomy":"product_cat","embeddable":true,"href":"https:\/\/officemanager.se\/index.php\/wp-json\/wp\/v2\/product_cat?post=1365"},{"taxonomy":"product_tag","embeddable":true,"href":"https:\/\/officemanager.se\/index.php\/wp-json\/wp\/v2\/product_tag?post=1365"}],"curies":[{"name":"wp","href":"https:\/\/api.w.org\/{rel}","templated":true}]}}