{"id":1410,"date":"2026-01-28T10:04:01","date_gmt":"2026-01-28T10:04:01","guid":{"rendered":"https:\/\/officemanager.se\/?post_type=product&#038;p=1410"},"modified":"2026-01-28T10:15:16","modified_gmt":"2026-01-28T10:15:16","slug":"kulspetspenna-pilot-frixion-lx07-guld","status":"publish","type":"product","link":"https:\/\/officemanager.se\/index.php\/produkt\/kulspetspenna-pilot-frixion-lx07-guld\/","title":{"rendered":"Kulspetspenna Pilot Frixion LX07 guld i presentask"},"content":{"rendered":"<p>Elegant raderbar kulspetspenna i borstad metall med klickmekanism. Den skrivna texten g\u00e5r att radera upp till 2 \u00e5r. Bl\u00e5tt bl\u00e4ck. Outslitlig radertopp. Levereras i presentask.<\/p>\n","protected":false},"excerpt":{"rendered":"<p>Elegant raderbar kulspetspenna i borstad metall<\/p>\n","protected":false},"featured_media":1415,"comment_status":"open","ping_status":"closed","template":"","meta":[],"product_brand":[],"product_cat":[32,27],"product_tag":[30],"class_list":{"0":"post-1410","1":"product","2":"type-product","3":"status-publish","4":"has-post-thumbnail","6":"product_cat-for-advokater","7":"product_cat-pennor","8":"product_tag-penna","10":"first","11":"instock","12":"taxable","13":"shipping-taxable","14":"product-type-simple"},"jetpack_sharing_enabled":true,"_links":{"self":[{"href":"https:\/\/officemanager.se\/index.php\/wp-json\/wp\/v2\/product\/1410","targetHints":{"allow":["GET"]}}],"collection":[{"href":"https:\/\/officemanager.se\/index.php\/wp-json\/wp\/v2\/product"}],"about":[{"href":"https:\/\/officemanager.se\/index.php\/wp-json\/wp\/v2\/types\/product"}],"replies":[{"embeddable":true,"href":"https:\/\/officemanager.se\/index.php\/wp-json\/wp\/v2\/comments?post=1410"}],"wp:featuredmedia":[{"embeddable":true,"href":"https:\/\/officemanager.se\/index.php\/wp-json\/wp\/v2\/media\/1415"}],"wp:attachment":[{"href":"https:\/\/officemanager.se\/index.php\/wp-json\/wp\/v2\/media?parent=1410"}],"wp:term":[{"taxonomy":"product_brand","embeddable":true,"href":"https:\/\/officemanager.se\/index.php\/wp-json\/wp\/v2\/product_brand?post=1410"},{"taxonomy":"product_cat","embeddable":true,"href":"https:\/\/officemanager.se\/index.php\/wp-json\/wp\/v2\/product_cat?post=1410"},{"taxonomy":"product_tag","embeddable":true,"href":"https:\/\/officemanager.se\/index.php\/wp-json\/wp\/v2\/product_tag?post=1410"}],"curies":[{"name":"wp","href":"https:\/\/api.w.org\/{rel}","templated":true}]}}