{"id":1429,"date":"2026-01-28T11:46:16","date_gmt":"2026-01-28T11:46:16","guid":{"rendered":"https:\/\/officemanager.se\/?post_type=product&#038;p=1429"},"modified":"2026-02-09T13:30:40","modified_gmt":"2026-02-09T13:30:40","slug":"konferensblock-a5-linjerat-for-konferens-och-moten","status":"publish","type":"product","link":"https:\/\/officemanager.se\/index.php\/produkt\/konferensblock-a5-linjerat-for-konferens-och-moten\/","title":{"rendered":"Konferensblock A5, linjerat, f\u00f6r konferens och m\u00f6ten"},"content":{"rendered":"<p>Det klassiska konferensblocket med limmad \u00f6verkant och kartongbaksida i A5-format. Kan f\u00e5s med logga.<\/p>\n","protected":false},"excerpt":{"rendered":"<p>Det klassiska konferensblocket med limmad \u00f6verkant och kartongbaksida i A5-format. Kan f\u00e5s med logga.<\/p>\n","protected":false},"featured_media":1430,"comment_status":"open","ping_status":"closed","template":"","meta":[],"product_brand":[],"product_cat":[31,32,90,23],"product_tag":[22],"class_list":{"0":"post-1429","1":"product","2":"type-product","3":"status-publish","4":"has-post-thumbnail","6":"product_cat-kontoret","7":"product_cat-for-advokater","8":"product_cat-ekonomi-bokforing","9":"product_cat-anteckningar-block","10":"product_tag-anteckningsblock","12":"first","13":"instock","14":"taxable","15":"shipping-taxable","16":"product-type-simple"},"jetpack_sharing_enabled":true,"_links":{"self":[{"href":"https:\/\/officemanager.se\/index.php\/wp-json\/wp\/v2\/product\/1429","targetHints":{"allow":["GET"]}}],"collection":[{"href":"https:\/\/officemanager.se\/index.php\/wp-json\/wp\/v2\/product"}],"about":[{"href":"https:\/\/officemanager.se\/index.php\/wp-json\/wp\/v2\/types\/product"}],"replies":[{"embeddable":true,"href":"https:\/\/officemanager.se\/index.php\/wp-json\/wp\/v2\/comments?post=1429"}],"wp:featuredmedia":[{"embeddable":true,"href":"https:\/\/officemanager.se\/index.php\/wp-json\/wp\/v2\/media\/1430"}],"wp:attachment":[{"href":"https:\/\/officemanager.se\/index.php\/wp-json\/wp\/v2\/media?parent=1429"}],"wp:term":[{"taxonomy":"product_brand","embeddable":true,"href":"https:\/\/officemanager.se\/index.php\/wp-json\/wp\/v2\/product_brand?post=1429"},{"taxonomy":"product_cat","embeddable":true,"href":"https:\/\/officemanager.se\/index.php\/wp-json\/wp\/v2\/product_cat?post=1429"},{"taxonomy":"product_tag","embeddable":true,"href":"https:\/\/officemanager.se\/index.php\/wp-json\/wp\/v2\/product_tag?post=1429"}],"curies":[{"name":"wp","href":"https:\/\/api.w.org\/{rel}","templated":true}]}}