{"id":1468,"date":"2026-01-29T13:08:39","date_gmt":"2026-01-29T13:08:39","guid":{"rendered":"https:\/\/officemanager.se\/?post_type=product&#038;p=1468"},"modified":"2026-01-29T13:17:00","modified_gmt":"2026-01-29T13:17:00","slug":"signalficka-a4-finns-i-flera-farger","status":"publish","type":"product","link":"https:\/\/officemanager.se\/index.php\/produkt\/signalficka-a4-finns-i-flera-farger\/","title":{"rendered":"Signalficka A4, finns i flera f\u00e4rger"},"content":{"rendered":"<p>Plastficka f\u00f6r A4-papper med hj\u00e4lp av sin f\u00e4rg signalerar den inneh\u00e5llet f\u00f6r att snabbt kunna hitta dokumenten. Finns i flera f\u00e4rger f\u00f6r effektiv organisering och \u00f6versk\u00e5dlighet.\u00a0\u00d6ppning i toppen och h\u00f6gra halvan av plastfickan<\/p>\n","protected":false},"excerpt":{"rendered":"<p><span data-sheets-root=\"1\">Plastficka anpassad f\u00f6r att f\u00f6rvara A4-ark. F\u00e4rgkodad f\u00f6r att signalera inneh\u00e5llet. Med h\u00e5llist f\u00f6r att s\u00e4ttas i p\u00e4rm, A4.<br \/>\n<\/span><\/p>\n","protected":false},"featured_media":1478,"comment_status":"open","ping_status":"closed","template":"","meta":[],"product_brand":[],"product_cat":[31,24],"product_tag":[25],"class_list":{"0":"post-1468","1":"product","2":"type-product","3":"status-publish","4":"has-post-thumbnail","6":"product_cat-kontoret","7":"product_cat-fickor","8":"product_tag-plastficka","10":"first","11":"instock","12":"taxable","13":"shipping-taxable","14":"product-type-variable"},"jetpack_sharing_enabled":true,"_links":{"self":[{"href":"https:\/\/officemanager.se\/index.php\/wp-json\/wp\/v2\/product\/1468","targetHints":{"allow":["GET"]}}],"collection":[{"href":"https:\/\/officemanager.se\/index.php\/wp-json\/wp\/v2\/product"}],"about":[{"href":"https:\/\/officemanager.se\/index.php\/wp-json\/wp\/v2\/types\/product"}],"replies":[{"embeddable":true,"href":"https:\/\/officemanager.se\/index.php\/wp-json\/wp\/v2\/comments?post=1468"}],"wp:featuredmedia":[{"embeddable":true,"href":"https:\/\/officemanager.se\/index.php\/wp-json\/wp\/v2\/media\/1478"}],"wp:attachment":[{"href":"https:\/\/officemanager.se\/index.php\/wp-json\/wp\/v2\/media?parent=1468"}],"wp:term":[{"taxonomy":"product_brand","embeddable":true,"href":"https:\/\/officemanager.se\/index.php\/wp-json\/wp\/v2\/product_brand?post=1468"},{"taxonomy":"product_cat","embeddable":true,"href":"https:\/\/officemanager.se\/index.php\/wp-json\/wp\/v2\/product_cat?post=1468"},{"taxonomy":"product_tag","embeddable":true,"href":"https:\/\/officemanager.se\/index.php\/wp-json\/wp\/v2\/product_tag?post=1468"}],"curies":[{"name":"wp","href":"https:\/\/api.w.org\/{rel}","templated":true}]}}