{"id":1485,"date":"2026-01-29T13:49:25","date_gmt":"2026-01-29T13:49:25","guid":{"rendered":"https:\/\/officemanager.se\/?post_type=product&#038;p=1485"},"modified":"2026-02-05T10:35:15","modified_gmt":"2026-02-05T10:35:15","slug":"frixion-ponit-clicker-05-suddbar-gelpenna-pafyllningsbar","status":"publish","type":"product","link":"https:\/\/officemanager.se\/index.php\/produkt\/frixion-ponit-clicker-05-suddbar-gelpenna-pafyllningsbar\/","title":{"rendered":"FriXion Point Clicker 0,5, suddbar gelpenna, p\u00e5fyllningsbar"},"content":{"rendered":"<p>Skriv f\u00f6ljsamt och med h\u00f6g precision med Pilots FriXion Point Clicker! En stilren penna med fin spets vars innovativa teknik och bl\u00e4ck garanterar en sk\u00f6n skrivk\u00e4nsla. Den stora bl\u00e4ckkapaciteten inuti spetsen ger ett j\u00e4mnt och stabilt bl\u00e4ckfl\u00f6de fr\u00e5n start. Med den fina spetsen p\u00e5 0,5 mm kan du skriva med otroligt h\u00f6g precision. Detta tillsammans med Pilots v\u00e4rmek\u00e4nsliga FriXion-bl\u00e4ck ger en oslagbar skrivupplevelse. Friktion fr\u00e5n suddet g\u00f6r att bl\u00e4cket f\u00f6rsvinner och du kan direkt skriva p\u00e5 nytt med samma penna.<\/p>\n","protected":false},"excerpt":{"rendered":"<p>FriXion Point Clicker &#8211; en kulspetspenna som \u00e4r suddbar genom friktion av pennans top.<\/p>\n","protected":false},"featured_media":1511,"comment_status":"open","ping_status":"closed","template":"","meta":[],"product_brand":[28],"product_cat":[31,27],"product_tag":[30],"class_list":{"0":"post-1485","1":"product","2":"type-product","3":"status-publish","4":"has-post-thumbnail","6":"product_brand-pilot","7":"product_cat-kontoret","8":"product_cat-pennor","9":"product_tag-penna","11":"first","12":"instock","13":"taxable","14":"shipping-taxable","15":"product-type-variable"},"jetpack_sharing_enabled":true,"_links":{"self":[{"href":"https:\/\/officemanager.se\/index.php\/wp-json\/wp\/v2\/product\/1485","targetHints":{"allow":["GET"]}}],"collection":[{"href":"https:\/\/officemanager.se\/index.php\/wp-json\/wp\/v2\/product"}],"about":[{"href":"https:\/\/officemanager.se\/index.php\/wp-json\/wp\/v2\/types\/product"}],"replies":[{"embeddable":true,"href":"https:\/\/officemanager.se\/index.php\/wp-json\/wp\/v2\/comments?post=1485"}],"wp:featuredmedia":[{"embeddable":true,"href":"https:\/\/officemanager.se\/index.php\/wp-json\/wp\/v2\/media\/1511"}],"wp:attachment":[{"href":"https:\/\/officemanager.se\/index.php\/wp-json\/wp\/v2\/media?parent=1485"}],"wp:term":[{"taxonomy":"product_brand","embeddable":true,"href":"https:\/\/officemanager.se\/index.php\/wp-json\/wp\/v2\/product_brand?post=1485"},{"taxonomy":"product_cat","embeddable":true,"href":"https:\/\/officemanager.se\/index.php\/wp-json\/wp\/v2\/product_cat?post=1485"},{"taxonomy":"product_tag","embeddable":true,"href":"https:\/\/officemanager.se\/index.php\/wp-json\/wp\/v2\/product_tag?post=1485"}],"curies":[{"name":"wp","href":"https:\/\/api.w.org\/{rel}","templated":true}]}}