{"id":150,"date":"2025-10-02T14:21:33","date_gmt":"2025-10-02T14:21:33","guid":{"rendered":"https:\/\/officemanager.se\/?post_type=product&#038;p=150"},"modified":"2026-02-05T10:31:52","modified_gmt":"2026-02-05T10:31:52","slug":"wb-bla-sudd-pilot","status":"publish","type":"product","link":"https:\/\/officemanager.se\/index.php\/produkt\/wb-bla-sudd-pilot\/","title":{"rendered":"Whiteboard Sudd Pilot, bl\u00e5"},"content":{"rendered":"<p><span data-sheets-root=\"1\">Whiteboardsudd i klassisk modell d\u00e4r filten enkelt byts ut med kardborref\u00e4stning. F\u00e4ster p\u00e5 alla magnetiska skrivtavlor och whiteboards.<br \/>\n<\/span><\/p>\n","protected":false},"excerpt":{"rendered":"<p><span data-sheets-root=\"1\">Whiteboard Sudd,\u00a0 Pilot, bl\u00e5<\/span><\/p>\n","protected":false},"featured_media":151,"comment_status":"open","ping_status":"closed","template":"","meta":[],"product_brand":[28],"product_cat":[33,26,53],"product_tag":[29],"class_list":{"0":"post-150","1":"product","2":"type-product","3":"status-publish","4":"has-post-thumbnail","6":"product_brand-pilot","7":"product_cat-for-skola-forskola","8":"product_cat-whiteboard-tillbehor","9":"product_cat-pilot","10":"product_tag-whiteboard","12":"first","13":"instock","14":"taxable","15":"shipping-taxable","16":"product-type-simple"},"jetpack_sharing_enabled":true,"_links":{"self":[{"href":"https:\/\/officemanager.se\/index.php\/wp-json\/wp\/v2\/product\/150","targetHints":{"allow":["GET"]}}],"collection":[{"href":"https:\/\/officemanager.se\/index.php\/wp-json\/wp\/v2\/product"}],"about":[{"href":"https:\/\/officemanager.se\/index.php\/wp-json\/wp\/v2\/types\/product"}],"replies":[{"embeddable":true,"href":"https:\/\/officemanager.se\/index.php\/wp-json\/wp\/v2\/comments?post=150"}],"wp:featuredmedia":[{"embeddable":true,"href":"https:\/\/officemanager.se\/index.php\/wp-json\/wp\/v2\/media\/151"}],"wp:attachment":[{"href":"https:\/\/officemanager.se\/index.php\/wp-json\/wp\/v2\/media?parent=150"}],"wp:term":[{"taxonomy":"product_brand","embeddable":true,"href":"https:\/\/officemanager.se\/index.php\/wp-json\/wp\/v2\/product_brand?post=150"},{"taxonomy":"product_cat","embeddable":true,"href":"https:\/\/officemanager.se\/index.php\/wp-json\/wp\/v2\/product_cat?post=150"},{"taxonomy":"product_tag","embeddable":true,"href":"https:\/\/officemanager.se\/index.php\/wp-json\/wp\/v2\/product_tag?post=150"}],"curies":[{"name":"wp","href":"https:\/\/api.w.org\/{rel}","templated":true}]}}