{"id":1517,"date":"2026-02-02T07:32:50","date_gmt":"2026-02-02T07:32:50","guid":{"rendered":"https:\/\/officemanager.se\/?post_type=product&#038;p=1517"},"modified":"2026-02-13T10:02:36","modified_gmt":"2026-02-13T10:02:36","slug":"kollegieblock-a5-kraftigt-omslag-linjerat-med-toppspiral","status":"publish","type":"product","link":"https:\/\/officemanager.se\/index.php\/produkt\/kollegieblock-a5-kraftigt-omslag-linjerat-med-toppspiral\/","title":{"rendered":"Kollegieblock A5, kraftigt omslag, linjerat, med toppspiral"},"content":{"rendered":"<p>Linjerat spiralblock med toppspiral i A5 format. 100 ark och 60 grams papper. Blocken \u00e4r FSC m\u00e4rkta med vit fram-och baksida samt mikroperforerade papper. Perfekt f\u00f6r anteckningar i skolan, p\u00e5 kontoret eller hemma.<\/p>\n","protected":false},"excerpt":{"rendered":"<p>Kollegieblock A5, linjerat, spiralbundet<\/p>\n","protected":false},"featured_media":1518,"comment_status":"open","ping_status":"closed","template":"","meta":[],"product_brand":[],"product_cat":[31,23],"product_tag":[22],"class_list":{"0":"post-1517","1":"product","2":"type-product","3":"status-publish","4":"has-post-thumbnail","6":"product_cat-kontoret","7":"product_cat-anteckningar-block","8":"product_tag-anteckningsblock","10":"first","11":"instock","12":"taxable","13":"shipping-taxable","14":"product-type-simple"},"jetpack_sharing_enabled":true,"_links":{"self":[{"href":"https:\/\/officemanager.se\/index.php\/wp-json\/wp\/v2\/product\/1517","targetHints":{"allow":["GET"]}}],"collection":[{"href":"https:\/\/officemanager.se\/index.php\/wp-json\/wp\/v2\/product"}],"about":[{"href":"https:\/\/officemanager.se\/index.php\/wp-json\/wp\/v2\/types\/product"}],"replies":[{"embeddable":true,"href":"https:\/\/officemanager.se\/index.php\/wp-json\/wp\/v2\/comments?post=1517"}],"wp:featuredmedia":[{"embeddable":true,"href":"https:\/\/officemanager.se\/index.php\/wp-json\/wp\/v2\/media\/1518"}],"wp:attachment":[{"href":"https:\/\/officemanager.se\/index.php\/wp-json\/wp\/v2\/media?parent=1517"}],"wp:term":[{"taxonomy":"product_brand","embeddable":true,"href":"https:\/\/officemanager.se\/index.php\/wp-json\/wp\/v2\/product_brand?post=1517"},{"taxonomy":"product_cat","embeddable":true,"href":"https:\/\/officemanager.se\/index.php\/wp-json\/wp\/v2\/product_cat?post=1517"},{"taxonomy":"product_tag","embeddable":true,"href":"https:\/\/officemanager.se\/index.php\/wp-json\/wp\/v2\/product_tag?post=1517"}],"curies":[{"name":"wp","href":"https:\/\/api.w.org\/{rel}","templated":true}]}}