{"id":1519,"date":"2026-02-02T07:38:23","date_gmt":"2026-02-02T07:38:23","guid":{"rendered":"https:\/\/officemanager.se\/?post_type=product&#038;p=1519"},"modified":"2026-02-02T07:40:50","modified_gmt":"2026-02-02T07:40:50","slug":"kollegieblock-a7-kraftigt-omslag-linjerat","status":"publish","type":"product","link":"https:\/\/officemanager.se\/index.php\/produkt\/kollegieblock-a7-kraftigt-omslag-linjerat\/","title":{"rendered":"Kollegieblock A7, kraftigt omslag, linjerat"},"content":{"rendered":"<p>Linjerat spiralblock med toppspiral i A7 format. 100 ark och 60 grams papper. Blocken \u00e4r FSC m\u00e4rkta med vit fram-och baksida samt mikroperforerade papper. Perfekt f\u00f6r anteckningar i skolan och p\u00e5 kontoret.<\/p>\n","protected":false},"excerpt":{"rendered":"<p>Linjerat kollegieblock i A7 format med 100 ark och 60g papper.<\/p>\n","protected":false},"featured_media":1520,"comment_status":"open","ping_status":"closed","template":"","meta":[],"product_brand":[],"product_cat":[31,33,23],"product_tag":[22],"class_list":{"0":"post-1519","1":"product","2":"type-product","3":"status-publish","4":"has-post-thumbnail","6":"product_cat-kontoret","7":"product_cat-for-skola-forskola","8":"product_cat-anteckningar-block","9":"product_tag-anteckningsblock","11":"first","12":"instock","13":"taxable","14":"shipping-taxable","15":"product-type-simple"},"jetpack_sharing_enabled":true,"_links":{"self":[{"href":"https:\/\/officemanager.se\/index.php\/wp-json\/wp\/v2\/product\/1519","targetHints":{"allow":["GET"]}}],"collection":[{"href":"https:\/\/officemanager.se\/index.php\/wp-json\/wp\/v2\/product"}],"about":[{"href":"https:\/\/officemanager.se\/index.php\/wp-json\/wp\/v2\/types\/product"}],"replies":[{"embeddable":true,"href":"https:\/\/officemanager.se\/index.php\/wp-json\/wp\/v2\/comments?post=1519"}],"wp:featuredmedia":[{"embeddable":true,"href":"https:\/\/officemanager.se\/index.php\/wp-json\/wp\/v2\/media\/1520"}],"wp:attachment":[{"href":"https:\/\/officemanager.se\/index.php\/wp-json\/wp\/v2\/media?parent=1519"}],"wp:term":[{"taxonomy":"product_brand","embeddable":true,"href":"https:\/\/officemanager.se\/index.php\/wp-json\/wp\/v2\/product_brand?post=1519"},{"taxonomy":"product_cat","embeddable":true,"href":"https:\/\/officemanager.se\/index.php\/wp-json\/wp\/v2\/product_cat?post=1519"},{"taxonomy":"product_tag","embeddable":true,"href":"https:\/\/officemanager.se\/index.php\/wp-json\/wp\/v2\/product_tag?post=1519"}],"curies":[{"name":"wp","href":"https:\/\/api.w.org\/{rel}","templated":true}]}}