{"id":153,"date":"2025-10-02T14:37:47","date_gmt":"2025-10-02T14:37:47","guid":{"rendered":"https:\/\/officemanager.se\/?post_type=product&#038;p=153"},"modified":"2025-12-18T08:20:45","modified_gmt":"2025-12-18T08:20:45","slug":"notiskub-76x76-400-blad-gul","status":"publish","type":"product","link":"https:\/\/officemanager.se\/index.php\/produkt\/notiskub-76x76-400-blad-gul\/","title":{"rendered":"Notiskub 76x76mm 400 blad gul"},"content":{"rendered":"<p><span data-sheets-root=\"1\">Notisarna f\u00e4ster p\u00e5 de flesta ytor, \u00e4ven vertikala. G\u00f6r dig effektivare p\u00e5 din arbetsplats, i bilen, p\u00e5 resan eller n\u00e4r du beh\u00f6ver skriva ett meddelande eller en kom-ih\u00e5g-lapp.<\/span><\/p>\n","protected":false},"excerpt":{"rendered":"<p>Notiskub 76x76mm 400 blad gul<\/p>\n","protected":false},"featured_media":154,"comment_status":"open","ping_status":"closed","template":"","meta":[],"product_brand":[34],"product_cat":[31,33,19],"product_tag":[20],"class_list":{"0":"post-153","1":"product","2":"type-product","3":"status-publish","4":"has-post-thumbnail","6":"product_brand-stickn","7":"product_cat-kontoret","8":"product_cat-for-skola-forskola","9":"product_cat-notisar-indexflikar","10":"product_tag-notisar","12":"first","13":"instock","14":"taxable","15":"shipping-taxable","16":"product-type-simple"},"jetpack_sharing_enabled":true,"_links":{"self":[{"href":"https:\/\/officemanager.se\/index.php\/wp-json\/wp\/v2\/product\/153","targetHints":{"allow":["GET"]}}],"collection":[{"href":"https:\/\/officemanager.se\/index.php\/wp-json\/wp\/v2\/product"}],"about":[{"href":"https:\/\/officemanager.se\/index.php\/wp-json\/wp\/v2\/types\/product"}],"replies":[{"embeddable":true,"href":"https:\/\/officemanager.se\/index.php\/wp-json\/wp\/v2\/comments?post=153"}],"wp:featuredmedia":[{"embeddable":true,"href":"https:\/\/officemanager.se\/index.php\/wp-json\/wp\/v2\/media\/154"}],"wp:attachment":[{"href":"https:\/\/officemanager.se\/index.php\/wp-json\/wp\/v2\/media?parent=153"}],"wp:term":[{"taxonomy":"product_brand","embeddable":true,"href":"https:\/\/officemanager.se\/index.php\/wp-json\/wp\/v2\/product_brand?post=153"},{"taxonomy":"product_cat","embeddable":true,"href":"https:\/\/officemanager.se\/index.php\/wp-json\/wp\/v2\/product_cat?post=153"},{"taxonomy":"product_tag","embeddable":true,"href":"https:\/\/officemanager.se\/index.php\/wp-json\/wp\/v2\/product_tag?post=153"}],"curies":[{"name":"wp","href":"https:\/\/api.w.org\/{rel}","templated":true}]}}