{"id":1554,"date":"2026-02-02T13:39:45","date_gmt":"2026-02-02T13:39:45","guid":{"rendered":"https:\/\/officemanager.se\/?post_type=product&#038;p=1554"},"modified":"2026-02-02T13:44:24","modified_gmt":"2026-02-02T13:44:24","slug":"gem-32mm-silver","status":"publish","type":"product","link":"https:\/\/officemanager.se\/index.php\/produkt\/gem-32mm-silver\/","title":{"rendered":"Gem 32mm, Silver 985 st"},"content":{"rendered":"<p><span data-sheets-root=\"1\">Ett spetsigt gem av slitstark galvaniserat st\u00e5ltr\u00e5d som h\u00e5ller alla l\u00f6sa papper p\u00e5 plats. Varje gem \u00e4r 32mm och f\u00f6rpackningen inneh\u00e5ller ca 985 st.<\/span><\/p>\n","protected":false},"excerpt":{"rendered":"<p>Gem 32mm ca 985 st, silver<\/p>\n","protected":false},"featured_media":1555,"comment_status":"open","ping_status":"closed","template":"","meta":[],"product_brand":[],"product_cat":[31,51],"product_tag":[50],"class_list":{"0":"post-1554","1":"product","2":"type-product","3":"status-publish","4":"has-post-thumbnail","6":"product_cat-kontoret","7":"product_cat-gem-haftapparater","8":"product_tag-gem","10":"first","11":"instock","12":"taxable","13":"shipping-taxable","14":"product-type-simple"},"jetpack_sharing_enabled":true,"_links":{"self":[{"href":"https:\/\/officemanager.se\/index.php\/wp-json\/wp\/v2\/product\/1554","targetHints":{"allow":["GET"]}}],"collection":[{"href":"https:\/\/officemanager.se\/index.php\/wp-json\/wp\/v2\/product"}],"about":[{"href":"https:\/\/officemanager.se\/index.php\/wp-json\/wp\/v2\/types\/product"}],"replies":[{"embeddable":true,"href":"https:\/\/officemanager.se\/index.php\/wp-json\/wp\/v2\/comments?post=1554"}],"wp:featuredmedia":[{"embeddable":true,"href":"https:\/\/officemanager.se\/index.php\/wp-json\/wp\/v2\/media\/1555"}],"wp:attachment":[{"href":"https:\/\/officemanager.se\/index.php\/wp-json\/wp\/v2\/media?parent=1554"}],"wp:term":[{"taxonomy":"product_brand","embeddable":true,"href":"https:\/\/officemanager.se\/index.php\/wp-json\/wp\/v2\/product_brand?post=1554"},{"taxonomy":"product_cat","embeddable":true,"href":"https:\/\/officemanager.se\/index.php\/wp-json\/wp\/v2\/product_cat?post=1554"},{"taxonomy":"product_tag","embeddable":true,"href":"https:\/\/officemanager.se\/index.php\/wp-json\/wp\/v2\/product_tag?post=1554"}],"curies":[{"name":"wp","href":"https:\/\/api.w.org\/{rel}","templated":true}]}}