{"id":157,"date":"2025-10-03T13:13:45","date_gmt":"2025-10-03T13:13:45","guid":{"rendered":"https:\/\/officemanager.se\/?post_type=product&#038;p=157"},"modified":"2026-01-21T12:11:27","modified_gmt":"2026-01-21T12:11:27","slug":"sweden-bond-90-g-ohalat","status":"publish","type":"product","link":"https:\/\/officemanager.se\/index.php\/produkt\/sweden-bond-90-g-ohalat\/","title":{"rendered":"Sweden Bond, A4, 90 g, oh\u00e5lat"},"content":{"rendered":"<p>Papper Sweden Bond \u00e4r ett antikrandat lumphaltigt kopieringspapper, perfekt f\u00f6r h\u00f6gkvalitativa kopior, laser-, och offsettryck samt svart\/vit bl\u00e4ckstr\u00e5leutskrifter. Det oplacerade vattenm\u00e4rket ger en subtil elegans till varje ark.<\/p>\n<p>Text &amp; Cover, white, 90g\/m2, offsettryckpapper, obestruken, 210mm, x 297mm, A4\u00a0 frp med 500 ark<\/p>\n<p>Sweden Bond har en antikrandad yta tillverkat av bomullsfiber.<\/p>\n<div class=\"es-l-group\">\n<p class=\"es-p-b5 es-p-t5\"><strong>Produktf\u00f6rdelar:<\/strong><\/p>\n<ul class=\"es-list-bullets\">\n<li>Bomullsfibrerna ger papperet extra styrka och h\u00f6g kvalitetsk\u00e4nsla.<\/li>\n<li>Finns i tv\u00e5 ljusa nyanser.<\/li>\n<li>Papperet har placerat vattenm\u00e4rke (slumpplacerat) &#8221;Sweden Bond&#8221;.<\/li>\n<\/ul>\n<\/div>\n<div class=\"es-l-group\">\n<p class=\"es-p-b5 es-p-t5\"><strong>Trycktekniker:<\/strong><\/p>\n<ul class=\"es-list-bullets\">\n<li>Rastert\u00e4thet: Upp till 120 linjer\/tum (48 linjer\/cm) rekommenderas i offset. Anv\u00e4nd underf\u00e4rgsborttagning (UCR\/GCR). Total f\u00e4rgm\u00e4ttnad max 260%. Sweden Bond l\u00e4mpar sig f\u00f6r tryckning i offset samt i kopiering och laser. Kvaliteten \u00e4r anpassad f\u00f6r laser i ytvikten 90g.<\/li>\n<\/ul>\n<\/div>\n<div class=\"es-l-group\">\n<p class=\"es-p-b5 es-p-t5\"><strong>Garantier:<\/strong><\/p>\n<ul class=\"es-list-bullets\">\n<li>Kvaliteten \u00e4r l\u00e4mplig f\u00f6r tr\u00e5dh\u00e4ftning, klammerh\u00e4ftning och limbindning.<\/li>\n<\/ul>\n<\/div>\n<div class=\"es-l-group\">\n<p class=\"es-p-b5 es-p-t5\"><strong>Milj\u00f6rekommendationer:<\/strong><\/p>\n<ul class=\"es-list-bullets\">\n<li>ECF, ISO 14001<\/li>\n<\/ul>\n<\/div>\n<div class=\"es-l-group\">\n<p class=\"es-p-b5 es-p-t5\"><strong>Specifikationer:<\/strong><\/p>\n<ul class=\"es-list-bullets\">\n<li>Sweden Bond \u00e4r framf\u00f6r allt l\u00e4mpligt f\u00f6r text.<\/li>\n<\/ul>\n<\/div>\n<div class=\"es-l-group\">\n<p class=\"es-p-b5 es-p-t5\"><strong>Anv\u00e4ndning:<\/strong><\/p>\n<ul class=\"es-list-bullets\">\n<li>Sweden Bond anv\u00e4nds som brevpapper och kort men \u00e4ven till designprogram, menyer och inbjudningar med mera.<\/li>\n<\/ul>\n<\/div>\n","protected":false},"excerpt":{"rendered":"<p>L\u00e4mplig f\u00f6r kopiering och laser.<\/p>\n","protected":false},"featured_media":158,"comment_status":"open","ping_status":"closed","template":"","meta":[],"product_brand":[40,36],"product_cat":[32,35],"product_tag":[38,37,39],"class_list":{"0":"post-157","1":"product","2":"type-product","3":"status-publish","4":"has-post-thumbnail","6":"product_brand-antalis","7":"product_brand-sweden-bond","8":"product_cat-for-advokater","9":"product_cat-papper","10":"product_tag-kopieringspapper","11":"product_tag-papper","12":"product_tag-skrivarpapper","14":"first","15":"instock","16":"taxable","17":"shipping-taxable","18":"product-type-simple"},"jetpack_sharing_enabled":true,"_links":{"self":[{"href":"https:\/\/officemanager.se\/index.php\/wp-json\/wp\/v2\/product\/157","targetHints":{"allow":["GET"]}}],"collection":[{"href":"https:\/\/officemanager.se\/index.php\/wp-json\/wp\/v2\/product"}],"about":[{"href":"https:\/\/officemanager.se\/index.php\/wp-json\/wp\/v2\/types\/product"}],"replies":[{"embeddable":true,"href":"https:\/\/officemanager.se\/index.php\/wp-json\/wp\/v2\/comments?post=157"}],"wp:featuredmedia":[{"embeddable":true,"href":"https:\/\/officemanager.se\/index.php\/wp-json\/wp\/v2\/media\/158"}],"wp:attachment":[{"href":"https:\/\/officemanager.se\/index.php\/wp-json\/wp\/v2\/media?parent=157"}],"wp:term":[{"taxonomy":"product_brand","embeddable":true,"href":"https:\/\/officemanager.se\/index.php\/wp-json\/wp\/v2\/product_brand?post=157"},{"taxonomy":"product_cat","embeddable":true,"href":"https:\/\/officemanager.se\/index.php\/wp-json\/wp\/v2\/product_cat?post=157"},{"taxonomy":"product_tag","embeddable":true,"href":"https:\/\/officemanager.se\/index.php\/wp-json\/wp\/v2\/product_tag?post=157"}],"curies":[{"name":"wp","href":"https:\/\/api.w.org\/{rel}","templated":true}]}}