{"id":1575,"date":"2026-02-03T12:38:49","date_gmt":"2026-02-03T12:38:49","guid":{"rendered":"https:\/\/officemanager.se\/?post_type=product&#038;p=1575"},"modified":"2026-02-09T14:40:17","modified_gmt":"2026-02-09T14:40:17","slug":"stiftpenna-dr-grip-07-finns-i-flera-farger","status":"publish","type":"product","link":"https:\/\/officemanager.se\/index.php\/produkt\/stiftpenna-dr-grip-07-finns-i-flera-farger\/","title":{"rendered":"Stiftpenna Pilot Dr. Grip, 0,7, finns i flera f\u00e4rger"},"content":{"rendered":"<p>Stiftpenna Pilot Dr. Grip med mjukt, tjockt ergonomiskt gummigrepp som ger en sk\u00f6n skrivk\u00e4nsla och avlastar handen och armen. Stiften matas fram genom skakning eller med tryckmekanism.<\/p>\n","protected":false},"excerpt":{"rendered":"<p>En stilren och p\u00e5litlig kulspetspenna med modern design.<\/p>\n","protected":false},"featured_media":1793,"comment_status":"open","ping_status":"closed","template":"","meta":[],"product_brand":[28],"product_cat":[27],"product_tag":[30],"class_list":{"0":"post-1575","1":"product","2":"type-product","3":"status-publish","4":"has-post-thumbnail","6":"product_brand-pilot","7":"product_cat-pennor","8":"product_tag-penna","10":"first","11":"instock","12":"taxable","13":"shipping-taxable","14":"product-type-variable"},"jetpack_sharing_enabled":true,"_links":{"self":[{"href":"https:\/\/officemanager.se\/index.php\/wp-json\/wp\/v2\/product\/1575","targetHints":{"allow":["GET"]}}],"collection":[{"href":"https:\/\/officemanager.se\/index.php\/wp-json\/wp\/v2\/product"}],"about":[{"href":"https:\/\/officemanager.se\/index.php\/wp-json\/wp\/v2\/types\/product"}],"replies":[{"embeddable":true,"href":"https:\/\/officemanager.se\/index.php\/wp-json\/wp\/v2\/comments?post=1575"}],"wp:featuredmedia":[{"embeddable":true,"href":"https:\/\/officemanager.se\/index.php\/wp-json\/wp\/v2\/media\/1793"}],"wp:attachment":[{"href":"https:\/\/officemanager.se\/index.php\/wp-json\/wp\/v2\/media?parent=1575"}],"wp:term":[{"taxonomy":"product_brand","embeddable":true,"href":"https:\/\/officemanager.se\/index.php\/wp-json\/wp\/v2\/product_brand?post=1575"},{"taxonomy":"product_cat","embeddable":true,"href":"https:\/\/officemanager.se\/index.php\/wp-json\/wp\/v2\/product_cat?post=1575"},{"taxonomy":"product_tag","embeddable":true,"href":"https:\/\/officemanager.se\/index.php\/wp-json\/wp\/v2\/product_tag?post=1575"}],"curies":[{"name":"wp","href":"https:\/\/api.w.org\/{rel}","templated":true}]}}