{"id":1603,"date":"2026-02-04T11:57:25","date_gmt":"2026-02-04T11:57:25","guid":{"rendered":"https:\/\/officemanager.se\/?post_type=product&#038;p=1603"},"modified":"2026-02-05T09:55:06","modified_gmt":"2026-02-05T09:55:06","slug":"forklade-med-armar-3-5ar-57cm","status":"publish","type":"product","link":"https:\/\/officemanager.se\/index.php\/produkt\/forklade-med-armar-3-5ar-57cm\/","title":{"rendered":"F\u00f6rkl\u00e4de med \u00e4rmar 3-5 \u00e5r, 57cm"},"content":{"rendered":"<p><span data-sheets-root=\"1\">Smidigt f\u00f6rkl\u00e4de med \u00e4rm. I slitstarkt och l\u00e4tt polyamid med PA-bel\u00e4ggning f\u00f6r att g\u00f6ra tyget vattent\u00e5ligt. Bandkantad med kardborrekn\u00e4ppning. Maskintv\u00e4tt 40 grader<\/span><\/p>\n<p><span data-sheets-root=\"1\">\u00a0<\/span><\/p>\n","protected":false},"excerpt":{"rendered":"<p><strong><em>Uppfyller Upphandlingsmyndighetens krav f\u00f6r Giftfri F\u00f6rskola!<\/em><\/strong><\/p>\n","protected":false},"featured_media":1604,"comment_status":"open","ping_status":"closed","template":"","meta":[],"product_brand":[],"product_cat":[33],"product_tag":[],"class_list":{"0":"post-1603","1":"product","2":"type-product","3":"status-publish","4":"has-post-thumbnail","6":"product_cat-for-skola-forskola","8":"first","9":"instock","10":"taxable","11":"shipping-taxable","12":"product-type-simple"},"jetpack_sharing_enabled":true,"_links":{"self":[{"href":"https:\/\/officemanager.se\/index.php\/wp-json\/wp\/v2\/product\/1603","targetHints":{"allow":["GET"]}}],"collection":[{"href":"https:\/\/officemanager.se\/index.php\/wp-json\/wp\/v2\/product"}],"about":[{"href":"https:\/\/officemanager.se\/index.php\/wp-json\/wp\/v2\/types\/product"}],"replies":[{"embeddable":true,"href":"https:\/\/officemanager.se\/index.php\/wp-json\/wp\/v2\/comments?post=1603"}],"wp:featuredmedia":[{"embeddable":true,"href":"https:\/\/officemanager.se\/index.php\/wp-json\/wp\/v2\/media\/1604"}],"wp:attachment":[{"href":"https:\/\/officemanager.se\/index.php\/wp-json\/wp\/v2\/media?parent=1603"}],"wp:term":[{"taxonomy":"product_brand","embeddable":true,"href":"https:\/\/officemanager.se\/index.php\/wp-json\/wp\/v2\/product_brand?post=1603"},{"taxonomy":"product_cat","embeddable":true,"href":"https:\/\/officemanager.se\/index.php\/wp-json\/wp\/v2\/product_cat?post=1603"},{"taxonomy":"product_tag","embeddable":true,"href":"https:\/\/officemanager.se\/index.php\/wp-json\/wp\/v2\/product_tag?post=1603"}],"curies":[{"name":"wp","href":"https:\/\/api.w.org\/{rel}","templated":true}]}}