{"id":1607,"date":"2026-02-04T12:07:30","date_gmt":"2026-02-04T12:07:30","guid":{"rendered":"https:\/\/officemanager.se\/?post_type=product&#038;p=1607"},"modified":"2026-02-05T09:55:26","modified_gmt":"2026-02-05T09:55:26","slug":"limstift-pritt-original-22g-12-fp","status":"publish","type":"product","link":"https:\/\/officemanager.se\/index.php\/produkt\/limstift-pritt-original-22g-12-fp\/","title":{"rendered":"Limstift PRITT Original 22g 12\/fp"},"content":{"rendered":"<p><span data-sheets-root=\"1\">Limmar dubbla m\u00e4ngden papper j\u00e4mf\u00f6rt med fr\u00e4msta huvudkonkurrenten. Stark vidh\u00e4ftning \u00e4ven p\u00e5 andra pysselmaterial \u00e4n papper. Unik kombination av 90 % naturliga ingredienser med en formula baserad p\u00e5 potatisst\u00e4rkelse och socker. Det perfekta valet f\u00f6r limning av papper, foton, kartong m.m.<\/span><\/p>\n<p><span data-sheets-root=\"1\">\u00a0<\/span><\/p>\n","protected":false},"excerpt":{"rendered":"<p><span data-sheets-root=\"1\">Originallimstiftet fr\u00e5n 1969<\/span><\/p>\n","protected":false},"featured_media":1609,"comment_status":"open","ping_status":"closed","template":"","meta":[],"product_brand":[],"product_cat":[33],"product_tag":[],"class_list":{"0":"post-1607","1":"product","2":"type-product","3":"status-publish","4":"has-post-thumbnail","6":"product_cat-for-skola-forskola","8":"first","9":"instock","10":"taxable","11":"shipping-taxable","12":"product-type-simple"},"jetpack_sharing_enabled":true,"_links":{"self":[{"href":"https:\/\/officemanager.se\/index.php\/wp-json\/wp\/v2\/product\/1607","targetHints":{"allow":["GET"]}}],"collection":[{"href":"https:\/\/officemanager.se\/index.php\/wp-json\/wp\/v2\/product"}],"about":[{"href":"https:\/\/officemanager.se\/index.php\/wp-json\/wp\/v2\/types\/product"}],"replies":[{"embeddable":true,"href":"https:\/\/officemanager.se\/index.php\/wp-json\/wp\/v2\/comments?post=1607"}],"wp:featuredmedia":[{"embeddable":true,"href":"https:\/\/officemanager.se\/index.php\/wp-json\/wp\/v2\/media\/1609"}],"wp:attachment":[{"href":"https:\/\/officemanager.se\/index.php\/wp-json\/wp\/v2\/media?parent=1607"}],"wp:term":[{"taxonomy":"product_brand","embeddable":true,"href":"https:\/\/officemanager.se\/index.php\/wp-json\/wp\/v2\/product_brand?post=1607"},{"taxonomy":"product_cat","embeddable":true,"href":"https:\/\/officemanager.se\/index.php\/wp-json\/wp\/v2\/product_cat?post=1607"},{"taxonomy":"product_tag","embeddable":true,"href":"https:\/\/officemanager.se\/index.php\/wp-json\/wp\/v2\/product_tag?post=1607"}],"curies":[{"name":"wp","href":"https:\/\/api.w.org\/{rel}","templated":true}]}}