{"id":1613,"date":"2026-02-04T12:39:41","date_gmt":"2026-02-04T12:39:41","guid":{"rendered":"https:\/\/officemanager.se\/?post_type=product&#038;p=1613"},"modified":"2026-02-05T09:56:01","modified_gmt":"2026-02-05T09:56:01","slug":"limstanger-7mm-18-fp","status":"publish","type":"product","link":"https:\/\/officemanager.se\/index.php\/produkt\/limstanger-7mm-18-fp\/","title":{"rendered":"Limst\u00e4nger 7mm 18\/fp"},"content":{"rendered":"<p><span data-sheets-root=\"1\">Limstavar till liten limpistol med sm\u00e4ltlim i patroner. Dessa stavar funkar till limpistoler med 7 och 8 mm \u00f6ppning f\u00f6r limstavar. OBS! Fungerar till b\u00e5de h\u00f6g- och l\u00e5gtemperatur-limpistoler.<\/span><\/p>\n","protected":false},"excerpt":{"rendered":"<p><strong><em>Uppfyller Upphandlingsmyndighetens krav f\u00f6r Giftfri F\u00f6rskola!<\/em><\/strong><\/p>\n","protected":false},"featured_media":1614,"comment_status":"open","ping_status":"closed","template":"","meta":[],"product_brand":[],"product_cat":[33],"product_tag":[],"class_list":{"0":"post-1613","1":"product","2":"type-product","3":"status-publish","4":"has-post-thumbnail","6":"product_cat-for-skola-forskola","8":"first","9":"instock","10":"taxable","11":"shipping-taxable","12":"product-type-simple"},"jetpack_sharing_enabled":true,"_links":{"self":[{"href":"https:\/\/officemanager.se\/index.php\/wp-json\/wp\/v2\/product\/1613","targetHints":{"allow":["GET"]}}],"collection":[{"href":"https:\/\/officemanager.se\/index.php\/wp-json\/wp\/v2\/product"}],"about":[{"href":"https:\/\/officemanager.se\/index.php\/wp-json\/wp\/v2\/types\/product"}],"replies":[{"embeddable":true,"href":"https:\/\/officemanager.se\/index.php\/wp-json\/wp\/v2\/comments?post=1613"}],"wp:featuredmedia":[{"embeddable":true,"href":"https:\/\/officemanager.se\/index.php\/wp-json\/wp\/v2\/media\/1614"}],"wp:attachment":[{"href":"https:\/\/officemanager.se\/index.php\/wp-json\/wp\/v2\/media?parent=1613"}],"wp:term":[{"taxonomy":"product_brand","embeddable":true,"href":"https:\/\/officemanager.se\/index.php\/wp-json\/wp\/v2\/product_brand?post=1613"},{"taxonomy":"product_cat","embeddable":true,"href":"https:\/\/officemanager.se\/index.php\/wp-json\/wp\/v2\/product_cat?post=1613"},{"taxonomy":"product_tag","embeddable":true,"href":"https:\/\/officemanager.se\/index.php\/wp-json\/wp\/v2\/product_tag?post=1613"}],"curies":[{"name":"wp","href":"https:\/\/api.w.org\/{rel}","templated":true}]}}