{"id":1615,"date":"2026-02-04T12:45:55","date_gmt":"2026-02-04T12:45:55","guid":{"rendered":"https:\/\/officemanager.se\/?post_type=product&#038;p=1615"},"modified":"2026-02-05T09:56:18","modified_gmt":"2026-02-05T09:56:18","slug":"lim-allround-100ml","status":"publish","type":"product","link":"https:\/\/officemanager.se\/index.php\/produkt\/lim-allround-100ml\/","title":{"rendered":"Lim Allround 100ml"},"content":{"rendered":"<p><span data-sheets-root=\"1\">Lim allround \u00e4r ett vattenbaserat lim som \u00e4r l\u00e4tthanterligt och fungerar bra att anv\u00e4nda \u00e4ven f\u00f6r yngre barn. Vattenl\u00f6sligt och enkelt att tv\u00e4tta bort.<\/span><\/p>\n","protected":false},"excerpt":{"rendered":"<p><strong><em>Uppfyller Upphandlingsmyndighetens krav f\u00f6r Giftfri F\u00f6rskola!<\/em><\/strong><\/p>\n","protected":false},"featured_media":1616,"comment_status":"open","ping_status":"closed","template":"","meta":[],"product_brand":[],"product_cat":[33],"product_tag":[],"class_list":{"0":"post-1615","1":"product","2":"type-product","3":"status-publish","4":"has-post-thumbnail","6":"product_cat-for-skola-forskola","8":"first","9":"instock","10":"taxable","11":"shipping-taxable","12":"product-type-simple"},"jetpack_sharing_enabled":true,"_links":{"self":[{"href":"https:\/\/officemanager.se\/index.php\/wp-json\/wp\/v2\/product\/1615","targetHints":{"allow":["GET"]}}],"collection":[{"href":"https:\/\/officemanager.se\/index.php\/wp-json\/wp\/v2\/product"}],"about":[{"href":"https:\/\/officemanager.se\/index.php\/wp-json\/wp\/v2\/types\/product"}],"replies":[{"embeddable":true,"href":"https:\/\/officemanager.se\/index.php\/wp-json\/wp\/v2\/comments?post=1615"}],"wp:featuredmedia":[{"embeddable":true,"href":"https:\/\/officemanager.se\/index.php\/wp-json\/wp\/v2\/media\/1616"}],"wp:attachment":[{"href":"https:\/\/officemanager.se\/index.php\/wp-json\/wp\/v2\/media?parent=1615"}],"wp:term":[{"taxonomy":"product_brand","embeddable":true,"href":"https:\/\/officemanager.se\/index.php\/wp-json\/wp\/v2\/product_brand?post=1615"},{"taxonomy":"product_cat","embeddable":true,"href":"https:\/\/officemanager.se\/index.php\/wp-json\/wp\/v2\/product_cat?post=1615"},{"taxonomy":"product_tag","embeddable":true,"href":"https:\/\/officemanager.se\/index.php\/wp-json\/wp\/v2\/product_tag?post=1615"}],"curies":[{"name":"wp","href":"https:\/\/api.w.org\/{rel}","templated":true}]}}