{"id":1617,"date":"2026-02-04T12:52:07","date_gmt":"2026-02-04T12:52:07","guid":{"rendered":"https:\/\/officemanager.se\/?post_type=product&#038;p=1617"},"modified":"2026-02-05T09:56:55","modified_gmt":"2026-02-05T09:56:55","slug":"vaxkrita-24-fp-36-fp","status":"publish","type":"product","link":"https:\/\/officemanager.se\/index.php\/produkt\/vaxkrita-24-fp-36-fp\/","title":{"rendered":"Vaxkrita, 24\/fp &#038; 36\/fp"},"content":{"rendered":"<p><span data-sheets-root=\"1\">Sense\u00a9 vaxkritor \u00e4r l\u00e4tta att h\u00e5lla i och praktiska att anv\u00e4nda, vilket g\u00f6r dem till ett utm\u00e4rkt tillbeh\u00f6r att rita och f\u00e4rgl\u00e4gga med.<\/span><\/p>\n","protected":false},"excerpt":{"rendered":"<p><strong><em>Uppfyller Upphandlingsmyndighetens krav f\u00f6r Giftfri F\u00f6rskola!<\/em><\/strong><\/p>\n","protected":false},"featured_media":1620,"comment_status":"open","ping_status":"closed","template":"","meta":[],"product_brand":[],"product_cat":[33],"product_tag":[],"class_list":{"0":"post-1617","1":"product","2":"type-product","3":"status-publish","4":"has-post-thumbnail","6":"product_cat-for-skola-forskola","8":"first","9":"instock","10":"taxable","11":"shipping-taxable","12":"product-type-variable"},"jetpack_sharing_enabled":true,"_links":{"self":[{"href":"https:\/\/officemanager.se\/index.php\/wp-json\/wp\/v2\/product\/1617","targetHints":{"allow":["GET"]}}],"collection":[{"href":"https:\/\/officemanager.se\/index.php\/wp-json\/wp\/v2\/product"}],"about":[{"href":"https:\/\/officemanager.se\/index.php\/wp-json\/wp\/v2\/types\/product"}],"replies":[{"embeddable":true,"href":"https:\/\/officemanager.se\/index.php\/wp-json\/wp\/v2\/comments?post=1617"}],"wp:featuredmedia":[{"embeddable":true,"href":"https:\/\/officemanager.se\/index.php\/wp-json\/wp\/v2\/media\/1620"}],"wp:attachment":[{"href":"https:\/\/officemanager.se\/index.php\/wp-json\/wp\/v2\/media?parent=1617"}],"wp:term":[{"taxonomy":"product_brand","embeddable":true,"href":"https:\/\/officemanager.se\/index.php\/wp-json\/wp\/v2\/product_brand?post=1617"},{"taxonomy":"product_cat","embeddable":true,"href":"https:\/\/officemanager.se\/index.php\/wp-json\/wp\/v2\/product_cat?post=1617"},{"taxonomy":"product_tag","embeddable":true,"href":"https:\/\/officemanager.se\/index.php\/wp-json\/wp\/v2\/product_tag?post=1617"}],"curies":[{"name":"wp","href":"https:\/\/api.w.org\/{rel}","templated":true}]}}