{"id":1623,"date":"2026-02-04T12:56:46","date_gmt":"2026-02-04T12:56:46","guid":{"rendered":"https:\/\/officemanager.se\/?post_type=product&#038;p=1623"},"modified":"2026-02-05T09:57:27","modified_gmt":"2026-02-05T09:57:27","slug":"storpack-blyertspenna-faber-opolerad-500-fp","status":"publish","type":"product","link":"https:\/\/officemanager.se\/index.php\/produkt\/storpack-blyertspenna-faber-opolerad-500-fp\/","title":{"rendered":"Storpack blyertspenna FABER opolerad 500\/fp"},"content":{"rendered":"<p><span data-sheets-root=\"1\">Storpack blyertspennor. H\u00f6gklassig blyertspenna av cedertr\u00e4. Perfekt f\u00f6r klassrummet. Pappkartonger med totalt 500 pennor.<\/span><\/p>\n","protected":false},"excerpt":{"rendered":"<p><strong><em>Uppfyller Upphandlingsmyndighetens krav f\u00f6r Giftfri F\u00f6rskola!<\/em><\/strong><\/p>\n","protected":false},"featured_media":1626,"comment_status":"open","ping_status":"closed","template":"","meta":[],"product_brand":[],"product_cat":[33],"product_tag":[],"class_list":{"0":"post-1623","1":"product","2":"type-product","3":"status-publish","4":"has-post-thumbnail","6":"product_cat-for-skola-forskola","8":"first","9":"instock","10":"taxable","11":"shipping-taxable","12":"product-type-simple"},"jetpack_sharing_enabled":true,"_links":{"self":[{"href":"https:\/\/officemanager.se\/index.php\/wp-json\/wp\/v2\/product\/1623","targetHints":{"allow":["GET"]}}],"collection":[{"href":"https:\/\/officemanager.se\/index.php\/wp-json\/wp\/v2\/product"}],"about":[{"href":"https:\/\/officemanager.se\/index.php\/wp-json\/wp\/v2\/types\/product"}],"replies":[{"embeddable":true,"href":"https:\/\/officemanager.se\/index.php\/wp-json\/wp\/v2\/comments?post=1623"}],"wp:featuredmedia":[{"embeddable":true,"href":"https:\/\/officemanager.se\/index.php\/wp-json\/wp\/v2\/media\/1626"}],"wp:attachment":[{"href":"https:\/\/officemanager.se\/index.php\/wp-json\/wp\/v2\/media?parent=1623"}],"wp:term":[{"taxonomy":"product_brand","embeddable":true,"href":"https:\/\/officemanager.se\/index.php\/wp-json\/wp\/v2\/product_brand?post=1623"},{"taxonomy":"product_cat","embeddable":true,"href":"https:\/\/officemanager.se\/index.php\/wp-json\/wp\/v2\/product_cat?post=1623"},{"taxonomy":"product_tag","embeddable":true,"href":"https:\/\/officemanager.se\/index.php\/wp-json\/wp\/v2\/product_tag?post=1623"}],"curies":[{"name":"wp","href":"https:\/\/api.w.org\/{rel}","templated":true}]}}