{"id":1627,"date":"2026-02-04T13:00:54","date_gmt":"2026-02-04T13:00:54","guid":{"rendered":"https:\/\/officemanager.se\/?post_type=product&#038;p=1627"},"modified":"2026-02-05T09:57:40","modified_gmt":"2026-02-05T09:57:40","slug":"pennvassare-linex-enkel-behallare-24-fp","status":"publish","type":"product","link":"https:\/\/officemanager.se\/index.php\/produkt\/pennvassare-linex-enkel-behallare-24-fp\/","title":{"rendered":"Pennv\u00e4ssare LINEX enkel beh\u00e5llare 24\/fp"},"content":{"rendered":"<p><span data-sheets-root=\"1\">H\u00f6gkvalitativ pennv\u00e4ssare med praktisk beh\u00e5llare.<\/span><\/p>\n","protected":false},"excerpt":{"rendered":"<p>H\u00f6gkvalitativ pennv\u00e4ssare med praktisk beh\u00e5llare.<\/p>\n","protected":false},"featured_media":1628,"comment_status":"open","ping_status":"closed","template":"","meta":[],"product_brand":[],"product_cat":[33],"product_tag":[],"class_list":{"0":"post-1627","1":"product","2":"type-product","3":"status-publish","4":"has-post-thumbnail","6":"product_cat-for-skola-forskola","8":"first","9":"instock","10":"taxable","11":"shipping-taxable","12":"product-type-simple"},"jetpack_sharing_enabled":true,"_links":{"self":[{"href":"https:\/\/officemanager.se\/index.php\/wp-json\/wp\/v2\/product\/1627","targetHints":{"allow":["GET"]}}],"collection":[{"href":"https:\/\/officemanager.se\/index.php\/wp-json\/wp\/v2\/product"}],"about":[{"href":"https:\/\/officemanager.se\/index.php\/wp-json\/wp\/v2\/types\/product"}],"replies":[{"embeddable":true,"href":"https:\/\/officemanager.se\/index.php\/wp-json\/wp\/v2\/comments?post=1627"}],"wp:featuredmedia":[{"embeddable":true,"href":"https:\/\/officemanager.se\/index.php\/wp-json\/wp\/v2\/media\/1628"}],"wp:attachment":[{"href":"https:\/\/officemanager.se\/index.php\/wp-json\/wp\/v2\/media?parent=1627"}],"wp:term":[{"taxonomy":"product_brand","embeddable":true,"href":"https:\/\/officemanager.se\/index.php\/wp-json\/wp\/v2\/product_brand?post=1627"},{"taxonomy":"product_cat","embeddable":true,"href":"https:\/\/officemanager.se\/index.php\/wp-json\/wp\/v2\/product_cat?post=1627"},{"taxonomy":"product_tag","embeddable":true,"href":"https:\/\/officemanager.se\/index.php\/wp-json\/wp\/v2\/product_tag?post=1627"}],"curies":[{"name":"wp","href":"https:\/\/api.w.org\/{rel}","templated":true}]}}