{"id":166,"date":"2025-10-03T13:24:46","date_gmt":"2025-10-03T13:24:46","guid":{"rendered":"https:\/\/officemanager.se\/?post_type=product&#038;p=166"},"modified":"2026-02-02T13:24:22","modified_gmt":"2026-02-02T13:24:22","slug":"kopieringspapper-a3-120-g-ohalat","status":"publish","type":"product","link":"https:\/\/officemanager.se\/index.php\/produkt\/kopieringspapper-a3-120-g-ohalat\/","title":{"rendered":"Kopieringspapper A3, 120 g, oh\u00e5lat"},"content":{"rendered":"<p>L\u00e4mpligt f\u00f6r kopiering, laser och offsettryck. ECF (Element\u00e4rt klorfri). A3, 120g, oh\u00e5lat. Efterfr\u00e5gas ofta av advokatbyr\u00e5er.<\/p>\n<p>Color Copy, Original, vit, light satin, Kopieringspapper, tr\u00e4fri ECF, 120g\/m2, 420mm x 297mm, A3, Bred bane, frp med 250 ark, FSC Mix Credit<\/p>\n<p>Color Copy &#8211; det professionella papperet garanterar n\u00e5lskarpa utskrifter<br \/>\noch lysande f\u00e4rg\u00e5tergivning, s\u00e4rskilt med digital f\u00e4rgtryck i laserskrivare och Inkjet. L\u00e4mplig f\u00f6r flera olika typer av trycksaker som ex. broschyrer, visitkort, marknadsmaterial.<\/p>\n<div class=\"es-l-group\">\n<p class=\"es-p-b5 es-p-t5\"><strong>Produktf\u00f6rdelar:<\/strong><\/p>\n<ul>\n<li>Extra sl\u00e4t yta<\/li>\n<li>Utm\u00e4rkt f\u00f6r fullf\u00e4rgsutskrifter och inkjet<\/li>\n<li>FSC-certifierad<\/li>\n<li>EU Ecolabel<\/li>\n<li>Vithet CIE 161<\/li>\n<\/ul>\n<\/div>\n","protected":false},"excerpt":{"rendered":"<p>Kopieringspapper A3, 120 g, oh\u00e5lat<\/p>\n","protected":false},"featured_media":167,"comment_status":"open","ping_status":"closed","template":"","meta":[],"product_brand":[40,41],"product_cat":[32,35],"product_tag":[38,39],"class_list":{"0":"post-166","1":"product","2":"type-product","3":"status-publish","4":"has-post-thumbnail","6":"product_brand-antalis","7":"product_brand-color-copy","8":"product_cat-for-advokater","9":"product_cat-papper","10":"product_tag-kopieringspapper","11":"product_tag-skrivarpapper","13":"first","14":"instock","15":"taxable","16":"shipping-taxable","17":"product-type-simple"},"jetpack_sharing_enabled":true,"_links":{"self":[{"href":"https:\/\/officemanager.se\/index.php\/wp-json\/wp\/v2\/product\/166","targetHints":{"allow":["GET"]}}],"collection":[{"href":"https:\/\/officemanager.se\/index.php\/wp-json\/wp\/v2\/product"}],"about":[{"href":"https:\/\/officemanager.se\/index.php\/wp-json\/wp\/v2\/types\/product"}],"replies":[{"embeddable":true,"href":"https:\/\/officemanager.se\/index.php\/wp-json\/wp\/v2\/comments?post=166"}],"wp:featuredmedia":[{"embeddable":true,"href":"https:\/\/officemanager.se\/index.php\/wp-json\/wp\/v2\/media\/167"}],"wp:attachment":[{"href":"https:\/\/officemanager.se\/index.php\/wp-json\/wp\/v2\/media?parent=166"}],"wp:term":[{"taxonomy":"product_brand","embeddable":true,"href":"https:\/\/officemanager.se\/index.php\/wp-json\/wp\/v2\/product_brand?post=166"},{"taxonomy":"product_cat","embeddable":true,"href":"https:\/\/officemanager.se\/index.php\/wp-json\/wp\/v2\/product_cat?post=166"},{"taxonomy":"product_tag","embeddable":true,"href":"https:\/\/officemanager.se\/index.php\/wp-json\/wp\/v2\/product_tag?post=166"}],"curies":[{"name":"wp","href":"https:\/\/api.w.org\/{rel}","templated":true}]}}