{"id":1667,"date":"2026-02-05T07:45:28","date_gmt":"2026-02-05T07:45:28","guid":{"rendered":"https:\/\/officemanager.se\/?post_type=product&#038;p=1667"},"modified":"2026-02-05T09:58:52","modified_gmt":"2026-02-05T09:58:52","slug":"laminat-leitz-udt-a4-80mic-klar-100-fp","status":"publish","type":"product","link":"https:\/\/officemanager.se\/index.php\/produkt\/laminat-leitz-udt-a4-80mic-klar-100-fp\/","title":{"rendered":"Laminat LEITZ UDT A4 80mic klar 100\/fp"},"content":{"rendered":"<p><span data-sheets-root=\"1\">Leitz\u00a9 lamineringsfickor f\u00f6rser dina dokument med skydd av h\u00f6gsta kvalitet samtidigt som de ger en fantastiskt blank yta som verkligen f\u00f6rst\u00e4rker f\u00e4rgen p\u00e5 varje sida. Fickorna \u00e4r perfekta f\u00f6r alla laminatorer som \u00e4r kompatibla med ett A4-format. Varje ficka har en kapacitet p\u00e5 80 mikrometer.<\/span><\/p>\n","protected":false},"excerpt":{"rendered":"<p>Leitz\u00a9 lamineringsfickor f\u00f6rser dina dokument med skydd av h\u00f6gsta kvalitet samtidigt som de ger en fantastiskt blank yta som verkligen f\u00f6rst\u00e4rker f\u00e4rgen p\u00e5 varje sida. Fickorna \u00e4r perfekta f\u00f6r alla laminatorer som \u00e4r kompatibla med ett A4-format. Varje ficka har en kapacitet p\u00e5 80 mikrometer.<\/p>\n","protected":false},"featured_media":1668,"comment_status":"open","ping_status":"closed","template":"","meta":[],"product_brand":[],"product_cat":[33],"product_tag":[68],"class_list":{"0":"post-1667","1":"product","2":"type-product","3":"status-publish","4":"has-post-thumbnail","6":"product_cat-for-skola-forskola","7":"product_tag-laminering","9":"first","10":"instock","11":"taxable","12":"shipping-taxable","13":"product-type-simple"},"jetpack_sharing_enabled":true,"_links":{"self":[{"href":"https:\/\/officemanager.se\/index.php\/wp-json\/wp\/v2\/product\/1667","targetHints":{"allow":["GET"]}}],"collection":[{"href":"https:\/\/officemanager.se\/index.php\/wp-json\/wp\/v2\/product"}],"about":[{"href":"https:\/\/officemanager.se\/index.php\/wp-json\/wp\/v2\/types\/product"}],"replies":[{"embeddable":true,"href":"https:\/\/officemanager.se\/index.php\/wp-json\/wp\/v2\/comments?post=1667"}],"wp:featuredmedia":[{"embeddable":true,"href":"https:\/\/officemanager.se\/index.php\/wp-json\/wp\/v2\/media\/1668"}],"wp:attachment":[{"href":"https:\/\/officemanager.se\/index.php\/wp-json\/wp\/v2\/media?parent=1667"}],"wp:term":[{"taxonomy":"product_brand","embeddable":true,"href":"https:\/\/officemanager.se\/index.php\/wp-json\/wp\/v2\/product_brand?post=1667"},{"taxonomy":"product_cat","embeddable":true,"href":"https:\/\/officemanager.se\/index.php\/wp-json\/wp\/v2\/product_cat?post=1667"},{"taxonomy":"product_tag","embeddable":true,"href":"https:\/\/officemanager.se\/index.php\/wp-json\/wp\/v2\/product_tag?post=1667"}],"curies":[{"name":"wp","href":"https:\/\/api.w.org\/{rel}","templated":true}]}}