{"id":168,"date":"2025-10-03T13:46:07","date_gmt":"2025-10-03T13:46:07","guid":{"rendered":"https:\/\/officemanager.se\/?post_type=product&#038;p=168"},"modified":"2026-02-09T13:05:24","modified_gmt":"2026-02-09T13:05:24","slug":"whiteboard-penna-pilot-refill","status":"publish","type":"product","link":"https:\/\/officemanager.se\/index.php\/produkt\/whiteboard-penna-pilot-refill\/","title":{"rendered":"Refill till whiteboardpenna Pilot"},"content":{"rendered":"<p>Refill till Pilot whiteboardpenna. Finns i 5 olika f\u00e4rger, svart, r\u00f6d, bl\u00e5, orange och gr\u00f6n.<br \/>\nDenna refiller f\u00f6r whiteboardm\u00e4rkpenna anv\u00e4nder ett avancerat bl\u00e4ckleveranssystem med tv\u00e5 slangar som g\u00f6r att du kan skriva direkt utan att f\u00f6rst skaka pennan.<\/p>\n","protected":false},"excerpt":{"rendered":"<p>Refill till Pilot whiteboardpenna<\/p>\n","protected":false},"featured_media":174,"comment_status":"open","ping_status":"closed","template":"","meta":[],"product_brand":[28],"product_cat":[31,90,33,27,26,53],"product_tag":[30,42,29],"class_list":{"0":"post-168","1":"product","2":"type-product","3":"status-publish","4":"has-post-thumbnail","6":"product_brand-pilot","7":"product_cat-kontoret","8":"product_cat-ekonomi-bokforing","9":"product_cat-for-skola-forskola","10":"product_cat-pennor","11":"product_cat-whiteboard-tillbehor","12":"product_cat-pilot","13":"product_tag-penna","14":"product_tag-refill","15":"product_tag-whiteboard","17":"first","18":"instock","19":"taxable","20":"shipping-taxable","21":"product-type-variable"},"jetpack_sharing_enabled":true,"_links":{"self":[{"href":"https:\/\/officemanager.se\/index.php\/wp-json\/wp\/v2\/product\/168","targetHints":{"allow":["GET"]}}],"collection":[{"href":"https:\/\/officemanager.se\/index.php\/wp-json\/wp\/v2\/product"}],"about":[{"href":"https:\/\/officemanager.se\/index.php\/wp-json\/wp\/v2\/types\/product"}],"replies":[{"embeddable":true,"href":"https:\/\/officemanager.se\/index.php\/wp-json\/wp\/v2\/comments?post=168"}],"wp:featuredmedia":[{"embeddable":true,"href":"https:\/\/officemanager.se\/index.php\/wp-json\/wp\/v2\/media\/174"}],"wp:attachment":[{"href":"https:\/\/officemanager.se\/index.php\/wp-json\/wp\/v2\/media?parent=168"}],"wp:term":[{"taxonomy":"product_brand","embeddable":true,"href":"https:\/\/officemanager.se\/index.php\/wp-json\/wp\/v2\/product_brand?post=168"},{"taxonomy":"product_cat","embeddable":true,"href":"https:\/\/officemanager.se\/index.php\/wp-json\/wp\/v2\/product_cat?post=168"},{"taxonomy":"product_tag","embeddable":true,"href":"https:\/\/officemanager.se\/index.php\/wp-json\/wp\/v2\/product_tag?post=168"}],"curies":[{"name":"wp","href":"https:\/\/api.w.org\/{rel}","templated":true}]}}