{"id":1708,"date":"2026-02-09T09:13:16","date_gmt":"2026-02-09T09:13:16","guid":{"rendered":"https:\/\/officemanager.se\/?post_type=product&#038;p=1708"},"modified":"2026-02-09T09:18:10","modified_gmt":"2026-02-09T09:18:10","slug":"raknare-hp-10bii-financial-calc","status":"publish","type":"product","link":"https:\/\/officemanager.se\/index.php\/produkt\/raknare-hp-10bii-financial-calc\/","title":{"rendered":"R\u00e4knare HP 10BII+ financial calc"},"content":{"rendered":"<p><span data-sheets-root=\"1\">HP 10bII \u00e4r det smarta valet f\u00f6r den som beh\u00f6ver en r\u00e4knare f\u00f6r ekonomi och finans. Du kommer att kunna arbeta snabbare och mer effektivt med \u00f6ver 100 tidsbesparande, l\u00e4tt\u00e5tkomliga finansfunktioner.<\/span><\/p>\n","protected":false},"excerpt":{"rendered":"<p>HP 10bII \u00e4r det smarta valet f\u00f6r den som beh\u00f6ver en r\u00e4knare f\u00f6r ekonomi och finans. Du kommer att kunna arbeta snabbare och mer effektivt med \u00f6ver 100 tidsbesparande, l\u00e4tt\u00e5tkomliga finansfunktioner.<\/p>\n","protected":false},"featured_media":1709,"comment_status":"open","ping_status":"closed","template":"","meta":[],"product_brand":[],"product_cat":[90],"product_tag":[93],"class_list":{"0":"post-1708","1":"product","2":"type-product","3":"status-publish","4":"has-post-thumbnail","6":"product_cat-ekonomi-bokforing","7":"product_tag-raknare","9":"first","10":"instock","11":"taxable","12":"shipping-taxable","13":"product-type-simple"},"jetpack_sharing_enabled":true,"_links":{"self":[{"href":"https:\/\/officemanager.se\/index.php\/wp-json\/wp\/v2\/product\/1708","targetHints":{"allow":["GET"]}}],"collection":[{"href":"https:\/\/officemanager.se\/index.php\/wp-json\/wp\/v2\/product"}],"about":[{"href":"https:\/\/officemanager.se\/index.php\/wp-json\/wp\/v2\/types\/product"}],"replies":[{"embeddable":true,"href":"https:\/\/officemanager.se\/index.php\/wp-json\/wp\/v2\/comments?post=1708"}],"wp:featuredmedia":[{"embeddable":true,"href":"https:\/\/officemanager.se\/index.php\/wp-json\/wp\/v2\/media\/1709"}],"wp:attachment":[{"href":"https:\/\/officemanager.se\/index.php\/wp-json\/wp\/v2\/media?parent=1708"}],"wp:term":[{"taxonomy":"product_brand","embeddable":true,"href":"https:\/\/officemanager.se\/index.php\/wp-json\/wp\/v2\/product_brand?post=1708"},{"taxonomy":"product_cat","embeddable":true,"href":"https:\/\/officemanager.se\/index.php\/wp-json\/wp\/v2\/product_cat?post=1708"},{"taxonomy":"product_tag","embeddable":true,"href":"https:\/\/officemanager.se\/index.php\/wp-json\/wp\/v2\/product_tag?post=1708"}],"curies":[{"name":"wp","href":"https:\/\/api.w.org\/{rel}","templated":true}]}}