{"id":1710,"date":"2026-02-09T09:18:17","date_gmt":"2026-02-09T09:18:17","guid":{"rendered":"https:\/\/officemanager.se\/?post_type=product&#038;p=1710"},"modified":"2026-02-09T09:23:29","modified_gmt":"2026-02-09T09:23:29","slug":"raknare-casio-dj-120d-plus","status":"publish","type":"product","link":"https:\/\/officemanager.se\/index.php\/produkt\/raknare-casio-dj-120d-plus\/","title":{"rendered":"R\u00e4knare Casio DJ-120D Plus"},"content":{"rendered":"<p><span data-sheets-root=\"1\">12-siffrig display, manuell eller automatisk kontroll och m\u00f6jlighet till korrigering av de senaste 150 inslagen, Go-to-tangent, 3 olika visningsformat av siffror, teckenbyte +\/-, TAX f\u00f6r moms- och rabattr\u00e4kning, tusenmarkering, backstegstangent, p\u00e5l\u00e4gg, kvadratrot, 0-000-tangent, oberoende minne, Grand Total, decimalv\u00e4ljare, avrundningsv\u00e4ljare. Solcells- och batteridrift.<\/span><\/p>\n","protected":false},"excerpt":{"rendered":"<p>12-siffrig display, manuell eller automatisk kontroll och m\u00f6jlighet till korrigering av de senaste 150 inslagen, Go-to-tangent, 3 olika visningsformat av siffror, teckenbyte +\/-, TAX f\u00f6r moms- och rabattr\u00e4kning, tusenmarkering, backstegstangent, p\u00e5l\u00e4gg, kvadratrot, 0-000-tangent, oberoende minne, Grand Total, decimalv\u00e4ljare, avrundningsv\u00e4ljare. Solcells- och batteridrift.<\/p>\n","protected":false},"featured_media":1712,"comment_status":"open","ping_status":"closed","template":"","meta":[],"product_brand":[],"product_cat":[90],"product_tag":[93],"class_list":{"0":"post-1710","1":"product","2":"type-product","3":"status-publish","4":"has-post-thumbnail","6":"product_cat-ekonomi-bokforing","7":"product_tag-raknare","9":"first","10":"instock","11":"taxable","12":"shipping-taxable","13":"product-type-simple"},"jetpack_sharing_enabled":true,"_links":{"self":[{"href":"https:\/\/officemanager.se\/index.php\/wp-json\/wp\/v2\/product\/1710","targetHints":{"allow":["GET"]}}],"collection":[{"href":"https:\/\/officemanager.se\/index.php\/wp-json\/wp\/v2\/product"}],"about":[{"href":"https:\/\/officemanager.se\/index.php\/wp-json\/wp\/v2\/types\/product"}],"replies":[{"embeddable":true,"href":"https:\/\/officemanager.se\/index.php\/wp-json\/wp\/v2\/comments?post=1710"}],"wp:featuredmedia":[{"embeddable":true,"href":"https:\/\/officemanager.se\/index.php\/wp-json\/wp\/v2\/media\/1712"}],"wp:attachment":[{"href":"https:\/\/officemanager.se\/index.php\/wp-json\/wp\/v2\/media?parent=1710"}],"wp:term":[{"taxonomy":"product_brand","embeddable":true,"href":"https:\/\/officemanager.se\/index.php\/wp-json\/wp\/v2\/product_brand?post=1710"},{"taxonomy":"product_cat","embeddable":true,"href":"https:\/\/officemanager.se\/index.php\/wp-json\/wp\/v2\/product_cat?post=1710"},{"taxonomy":"product_tag","embeddable":true,"href":"https:\/\/officemanager.se\/index.php\/wp-json\/wp\/v2\/product_tag?post=1710"}],"curies":[{"name":"wp","href":"https:\/\/api.w.org\/{rel}","templated":true}]}}