{"id":1713,"date":"2026-02-09T09:23:48","date_gmt":"2026-02-09T09:23:48","guid":{"rendered":"https:\/\/officemanager.se\/?post_type=product&#038;p=1713"},"modified":"2026-02-09T09:36:27","modified_gmt":"2026-02-09T09:36:27","slug":"pennkopp-fyrkantig-svart","status":"publish","type":"product","link":"https:\/\/officemanager.se\/index.php\/produkt\/pennkopp-fyrkantig-svart\/","title":{"rendered":"Pennkopp Fyrkantig Svart"},"content":{"rendered":"<p><span data-sheets-root=\"1\">Pennkopp fyrkantig svart. M\u00e5tt: 97x70x70mm (h\u00f6jd x bredd, l\u00e4ngd). MESH serien erbjuder skrivbordstillbeh\u00f6r i metall av bra kvalitet.<\/span><\/p>\n","protected":false},"excerpt":{"rendered":"<p>Pennkopp fyrkantig svart. M\u00e5tt: 97x70x70mm (h\u00f6jd x bredd, l\u00e4ngd). MESH serien erbjuder skrivbordstillbeh\u00f6r i metall av bra kvalitet.<\/p>\n","protected":false},"featured_media":1714,"comment_status":"open","ping_status":"closed","template":"","meta":[],"product_brand":[],"product_cat":[90],"product_tag":[],"class_list":{"0":"post-1713","1":"product","2":"type-product","3":"status-publish","4":"has-post-thumbnail","6":"product_cat-ekonomi-bokforing","8":"first","9":"instock","10":"taxable","11":"shipping-taxable","12":"product-type-simple"},"jetpack_sharing_enabled":true,"_links":{"self":[{"href":"https:\/\/officemanager.se\/index.php\/wp-json\/wp\/v2\/product\/1713","targetHints":{"allow":["GET"]}}],"collection":[{"href":"https:\/\/officemanager.se\/index.php\/wp-json\/wp\/v2\/product"}],"about":[{"href":"https:\/\/officemanager.se\/index.php\/wp-json\/wp\/v2\/types\/product"}],"replies":[{"embeddable":true,"href":"https:\/\/officemanager.se\/index.php\/wp-json\/wp\/v2\/comments?post=1713"}],"wp:featuredmedia":[{"embeddable":true,"href":"https:\/\/officemanager.se\/index.php\/wp-json\/wp\/v2\/media\/1714"}],"wp:attachment":[{"href":"https:\/\/officemanager.se\/index.php\/wp-json\/wp\/v2\/media?parent=1713"}],"wp:term":[{"taxonomy":"product_brand","embeddable":true,"href":"https:\/\/officemanager.se\/index.php\/wp-json\/wp\/v2\/product_brand?post=1713"},{"taxonomy":"product_cat","embeddable":true,"href":"https:\/\/officemanager.se\/index.php\/wp-json\/wp\/v2\/product_cat?post=1713"},{"taxonomy":"product_tag","embeddable":true,"href":"https:\/\/officemanager.se\/index.php\/wp-json\/wp\/v2\/product_tag?post=1713"}],"curies":[{"name":"wp","href":"https:\/\/api.w.org\/{rel}","templated":true}]}}