{"id":1716,"date":"2026-02-09T09:33:34","date_gmt":"2026-02-09T09:33:34","guid":{"rendered":"https:\/\/officemanager.se\/?post_type=product&#038;p=1716"},"modified":"2026-02-09T09:40:40","modified_gmt":"2026-02-09T09:40:40","slug":"skrivbordsorganiserare-6-fack-svart","status":"publish","type":"product","link":"https:\/\/officemanager.se\/index.php\/produkt\/skrivbordsorganiserare-6-fack-svart\/","title":{"rendered":"Skrivbordsorganiserare 6 Fack Svart"},"content":{"rendered":"<p><span data-sheets-root=\"1\">Skrivbordsorganiserare i svart metalln\u00e4t med flera praktiska fack som rymmer pennor, notiser, anteckningsbok och andra kontorstillbeh\u00f6r. En snygg och smart l\u00f6sning som hj\u00e4lper dig att h\u00e5lla ordning p\u00e5 skrivbordet. M\u00e5tt: 22 \u00d7 14 \u00d7 13 cm. MESH serien erbjuder skrivbordstillbeh\u00f6r i metall av bra kvalitet.<\/span><\/p>\n","protected":false},"excerpt":{"rendered":"<p>Skrivbordsorganiserare i svart metalln\u00e4t med flera praktiska fack som rymmer pennor, notiser, anteckningsbok och andra kontorstillbeh\u00f6r. En snygg och smart l\u00f6sning som hj\u00e4lper dig att h\u00e5lla ordning p\u00e5 skrivbordet. M\u00e5tt: 22 \u00d7 14 \u00d7 13 cm. MESH serien erbjuder skrivbordstillbeh\u00f6r i metall av bra kvalitet.<\/p>\n","protected":false},"featured_media":1717,"comment_status":"open","ping_status":"closed","template":"","meta":[],"product_brand":[],"product_cat":[90],"product_tag":[],"class_list":{"0":"post-1716","1":"product","2":"type-product","3":"status-publish","4":"has-post-thumbnail","6":"product_cat-ekonomi-bokforing","8":"first","9":"instock","10":"taxable","11":"shipping-taxable","12":"product-type-simple"},"jetpack_sharing_enabled":true,"_links":{"self":[{"href":"https:\/\/officemanager.se\/index.php\/wp-json\/wp\/v2\/product\/1716","targetHints":{"allow":["GET"]}}],"collection":[{"href":"https:\/\/officemanager.se\/index.php\/wp-json\/wp\/v2\/product"}],"about":[{"href":"https:\/\/officemanager.se\/index.php\/wp-json\/wp\/v2\/types\/product"}],"replies":[{"embeddable":true,"href":"https:\/\/officemanager.se\/index.php\/wp-json\/wp\/v2\/comments?post=1716"}],"wp:featuredmedia":[{"embeddable":true,"href":"https:\/\/officemanager.se\/index.php\/wp-json\/wp\/v2\/media\/1717"}],"wp:attachment":[{"href":"https:\/\/officemanager.se\/index.php\/wp-json\/wp\/v2\/media?parent=1716"}],"wp:term":[{"taxonomy":"product_brand","embeddable":true,"href":"https:\/\/officemanager.se\/index.php\/wp-json\/wp\/v2\/product_brand?post=1716"},{"taxonomy":"product_cat","embeddable":true,"href":"https:\/\/officemanager.se\/index.php\/wp-json\/wp\/v2\/product_cat?post=1716"},{"taxonomy":"product_tag","embeddable":true,"href":"https:\/\/officemanager.se\/index.php\/wp-json\/wp\/v2\/product_tag?post=1716"}],"curies":[{"name":"wp","href":"https:\/\/api.w.org\/{rel}","templated":true}]}}