{"id":1719,"date":"2026-02-09T09:40:12","date_gmt":"2026-02-09T09:40:12","guid":{"rendered":"https:\/\/officemanager.se\/?post_type=product&#038;p=1719"},"modified":"2026-02-09T09:43:06","modified_gmt":"2026-02-09T09:43:06","slug":"brevkorg-3-fack-svart","status":"publish","type":"product","link":"https:\/\/officemanager.se\/index.php\/produkt\/brevkorg-3-fack-svart\/","title":{"rendered":"Brevkorg 3-fack Svart"},"content":{"rendered":"<p><span data-sheets-root=\"1\">Brevkorg med 3 fack, Svart. M\u00e5tt: 270x295x350mm (h\u00f6jd x bredd x djup). Utdragbara fack. MESH serien erbjuder skrivbordstillbeh\u00f6r i metall av bra kvalitet.<\/span><\/p>\n","protected":false},"excerpt":{"rendered":"<p>Brevkorg med 3 fack, Svart. M\u00e5tt: 270x295x350mm (h\u00f6jd x bredd x djup). Utdragbara fack. MESH serien erbjuder skrivbordstillbeh\u00f6r i metall av bra kvalitet.<\/p>\n","protected":false},"featured_media":1720,"comment_status":"open","ping_status":"closed","template":"","meta":[],"product_brand":[],"product_cat":[90],"product_tag":[],"class_list":{"0":"post-1719","1":"product","2":"type-product","3":"status-publish","4":"has-post-thumbnail","6":"product_cat-ekonomi-bokforing","8":"first","9":"instock","10":"taxable","11":"shipping-taxable","12":"product-type-simple"},"jetpack_sharing_enabled":true,"_links":{"self":[{"href":"https:\/\/officemanager.se\/index.php\/wp-json\/wp\/v2\/product\/1719","targetHints":{"allow":["GET"]}}],"collection":[{"href":"https:\/\/officemanager.se\/index.php\/wp-json\/wp\/v2\/product"}],"about":[{"href":"https:\/\/officemanager.se\/index.php\/wp-json\/wp\/v2\/types\/product"}],"replies":[{"embeddable":true,"href":"https:\/\/officemanager.se\/index.php\/wp-json\/wp\/v2\/comments?post=1719"}],"wp:featuredmedia":[{"embeddable":true,"href":"https:\/\/officemanager.se\/index.php\/wp-json\/wp\/v2\/media\/1720"}],"wp:attachment":[{"href":"https:\/\/officemanager.se\/index.php\/wp-json\/wp\/v2\/media?parent=1719"}],"wp:term":[{"taxonomy":"product_brand","embeddable":true,"href":"https:\/\/officemanager.se\/index.php\/wp-json\/wp\/v2\/product_brand?post=1719"},{"taxonomy":"product_cat","embeddable":true,"href":"https:\/\/officemanager.se\/index.php\/wp-json\/wp\/v2\/product_cat?post=1719"},{"taxonomy":"product_tag","embeddable":true,"href":"https:\/\/officemanager.se\/index.php\/wp-json\/wp\/v2\/product_tag?post=1719"}],"curies":[{"name":"wp","href":"https:\/\/api.w.org\/{rel}","templated":true}]}}