{"id":1721,"date":"2026-02-09T09:43:11","date_gmt":"2026-02-09T09:43:11","guid":{"rendered":"https:\/\/officemanager.se\/?post_type=product&#038;p=1721"},"modified":"2026-02-09T09:52:53","modified_gmt":"2026-02-09T09:52:53","slug":"linjal-med-forstoringsglas","status":"publish","type":"product","link":"https:\/\/officemanager.se\/index.php\/produkt\/linjal-med-forstoringsglas\/","title":{"rendered":"Linjal med f\u00f6rstoringsglas"},"content":{"rendered":"<p><span data-sheets-root=\"1\">Denna linjal kombinerar flera funktioner i ett praktiskt verktyg. Den \u00e4r 20 cm l\u00e5ng, kompakt och har en bekv\u00e4m handtag p\u00e5 h\u00f6gre sida. Med sin rundade form fungerar den \u00e4ven som ett f\u00f6rstoringsglas. M\u00e5tt i b\u00e5de centimeter och tum g\u00f6r linjalen perfekt f\u00f6r att m\u00e4ta olika l\u00e4ngdenheter.<\/span><\/p>\n","protected":false},"excerpt":{"rendered":"<p>Denna linjal kombinerar flera funktioner i ett praktiskt verktyg. Den \u00e4r 20 cm l\u00e5ng, kompakt och har en bekv\u00e4m handtag p\u00e5 h\u00f6gre sida. Med sin rundade form fungerar den \u00e4ven som ett f\u00f6rstoringsglas. M\u00e5tt i b\u00e5de centimeter och tum g\u00f6r linjalen perfekt f\u00f6r att m\u00e4ta olika l\u00e4ngdenheter.<\/p>\n","protected":false},"featured_media":1722,"comment_status":"open","ping_status":"closed","template":"","meta":[],"product_brand":[],"product_cat":[90],"product_tag":[],"class_list":{"0":"post-1721","1":"product","2":"type-product","3":"status-publish","4":"has-post-thumbnail","6":"product_cat-ekonomi-bokforing","8":"first","9":"instock","10":"taxable","11":"shipping-taxable","12":"product-type-simple"},"jetpack_sharing_enabled":true,"_links":{"self":[{"href":"https:\/\/officemanager.se\/index.php\/wp-json\/wp\/v2\/product\/1721","targetHints":{"allow":["GET"]}}],"collection":[{"href":"https:\/\/officemanager.se\/index.php\/wp-json\/wp\/v2\/product"}],"about":[{"href":"https:\/\/officemanager.se\/index.php\/wp-json\/wp\/v2\/types\/product"}],"replies":[{"embeddable":true,"href":"https:\/\/officemanager.se\/index.php\/wp-json\/wp\/v2\/comments?post=1721"}],"wp:featuredmedia":[{"embeddable":true,"href":"https:\/\/officemanager.se\/index.php\/wp-json\/wp\/v2\/media\/1722"}],"wp:attachment":[{"href":"https:\/\/officemanager.se\/index.php\/wp-json\/wp\/v2\/media?parent=1721"}],"wp:term":[{"taxonomy":"product_brand","embeddable":true,"href":"https:\/\/officemanager.se\/index.php\/wp-json\/wp\/v2\/product_brand?post=1721"},{"taxonomy":"product_cat","embeddable":true,"href":"https:\/\/officemanager.se\/index.php\/wp-json\/wp\/v2\/product_cat?post=1721"},{"taxonomy":"product_tag","embeddable":true,"href":"https:\/\/officemanager.se\/index.php\/wp-json\/wp\/v2\/product_tag?post=1721"}],"curies":[{"name":"wp","href":"https:\/\/api.w.org\/{rel}","templated":true}]}}