{"id":1728,"date":"2026-02-09T10:02:03","date_gmt":"2026-02-09T10:02:03","guid":{"rendered":"https:\/\/officemanager.se\/?post_type=product&#038;p=1728"},"modified":"2026-02-09T10:06:28","modified_gmt":"2026-02-09T10:06:28","slug":"halslag-bo10-svart","status":"publish","type":"product","link":"https:\/\/officemanager.se\/index.php\/produkt\/halslag-bo10-svart\/","title":{"rendered":"H\u00e5lslag BO10 svart"},"content":{"rendered":"<p><span data-sheets-root=\"1\">H\u00e5lslag med svensk h\u00e5lning och med kapacitet f\u00f6r 12 ark. Justerbar st\u00e4llskena.<\/span><\/p>\n","protected":false},"excerpt":{"rendered":"<p><span data-sheets-root=\"1\">H\u00e5lslag med svensk h\u00e5lning<\/span><\/p>\n","protected":false},"featured_media":1729,"comment_status":"open","ping_status":"closed","template":"","meta":[],"product_brand":[],"product_cat":[90],"product_tag":[],"class_list":{"0":"post-1728","1":"product","2":"type-product","3":"status-publish","4":"has-post-thumbnail","6":"product_cat-ekonomi-bokforing","8":"first","9":"instock","10":"taxable","11":"shipping-taxable","12":"product-type-simple"},"jetpack_sharing_enabled":true,"_links":{"self":[{"href":"https:\/\/officemanager.se\/index.php\/wp-json\/wp\/v2\/product\/1728","targetHints":{"allow":["GET"]}}],"collection":[{"href":"https:\/\/officemanager.se\/index.php\/wp-json\/wp\/v2\/product"}],"about":[{"href":"https:\/\/officemanager.se\/index.php\/wp-json\/wp\/v2\/types\/product"}],"replies":[{"embeddable":true,"href":"https:\/\/officemanager.se\/index.php\/wp-json\/wp\/v2\/comments?post=1728"}],"wp:featuredmedia":[{"embeddable":true,"href":"https:\/\/officemanager.se\/index.php\/wp-json\/wp\/v2\/media\/1729"}],"wp:attachment":[{"href":"https:\/\/officemanager.se\/index.php\/wp-json\/wp\/v2\/media?parent=1728"}],"wp:term":[{"taxonomy":"product_brand","embeddable":true,"href":"https:\/\/officemanager.se\/index.php\/wp-json\/wp\/v2\/product_brand?post=1728"},{"taxonomy":"product_cat","embeddable":true,"href":"https:\/\/officemanager.se\/index.php\/wp-json\/wp\/v2\/product_cat?post=1728"},{"taxonomy":"product_tag","embeddable":true,"href":"https:\/\/officemanager.se\/index.php\/wp-json\/wp\/v2\/product_tag?post=1728"}],"curies":[{"name":"wp","href":"https:\/\/api.w.org\/{rel}","templated":true}]}}