{"id":1732,"date":"2026-02-09T10:11:02","date_gmt":"2026-02-09T10:11:02","guid":{"rendered":"https:\/\/officemanager.se\/?post_type=product&#038;p=1732"},"modified":"2026-02-09T10:16:10","modified_gmt":"2026-02-09T10:16:10","slug":"skrivunderlagg-40x80cm-finns-i-flera-farger","status":"publish","type":"product","link":"https:\/\/officemanager.se\/index.php\/produkt\/skrivunderlagg-40x80cm-finns-i-flera-farger\/","title":{"rendered":"Skrivunderl\u00e4gg 40x80cm, finns i flera f\u00e4rger"},"content":{"rendered":"<p><span data-sheets-root=\"1\">Det \u00e4r ett vattent\u00e4tt skrivbordsunderl\u00e4gg som \u00e4r l\u00e4tt att reng\u00f6ra och som h\u00e5ller skrivbordet snyggt. Den stora ytan p\u00e5 80 x 40 mm ger plats f\u00f6r tangentbord, mus, anteckningsblock och tillbeh\u00f6r och skyddar skrivbordet mot repor, fl\u00e4ckar, spill och slitage.<\/span><\/p>\n","protected":false},"excerpt":{"rendered":"<p><span data-sheets-root=\"1\">Vattent\u00e4tt skrivbordsunderl\u00e4gg, finns i f\u00e4rgerna ljusgr\u00e5, svart, mintgr\u00f6n samt m\u00f6rkbl\u00e5<\/span><\/p>\n","protected":false},"featured_media":1739,"comment_status":"open","ping_status":"closed","template":"","meta":[],"product_brand":[],"product_cat":[90],"product_tag":[],"class_list":{"0":"post-1732","1":"product","2":"type-product","3":"status-publish","4":"has-post-thumbnail","6":"product_cat-ekonomi-bokforing","8":"first","9":"instock","10":"taxable","11":"shipping-taxable","12":"product-type-variable"},"jetpack_sharing_enabled":true,"_links":{"self":[{"href":"https:\/\/officemanager.se\/index.php\/wp-json\/wp\/v2\/product\/1732","targetHints":{"allow":["GET"]}}],"collection":[{"href":"https:\/\/officemanager.se\/index.php\/wp-json\/wp\/v2\/product"}],"about":[{"href":"https:\/\/officemanager.se\/index.php\/wp-json\/wp\/v2\/types\/product"}],"replies":[{"embeddable":true,"href":"https:\/\/officemanager.se\/index.php\/wp-json\/wp\/v2\/comments?post=1732"}],"wp:featuredmedia":[{"embeddable":true,"href":"https:\/\/officemanager.se\/index.php\/wp-json\/wp\/v2\/media\/1739"}],"wp:attachment":[{"href":"https:\/\/officemanager.se\/index.php\/wp-json\/wp\/v2\/media?parent=1732"}],"wp:term":[{"taxonomy":"product_brand","embeddable":true,"href":"https:\/\/officemanager.se\/index.php\/wp-json\/wp\/v2\/product_brand?post=1732"},{"taxonomy":"product_cat","embeddable":true,"href":"https:\/\/officemanager.se\/index.php\/wp-json\/wp\/v2\/product_cat?post=1732"},{"taxonomy":"product_tag","embeddable":true,"href":"https:\/\/officemanager.se\/index.php\/wp-json\/wp\/v2\/product_tag?post=1732"}],"curies":[{"name":"wp","href":"https:\/\/api.w.org\/{rel}","templated":true}]}}