{"id":182,"date":"2025-10-08T16:14:40","date_gmt":"2025-10-08T16:14:40","guid":{"rendered":"https:\/\/officemanager.se\/?post_type=product&#038;p=182"},"modified":"2026-01-27T14:49:11","modified_gmt":"2026-01-27T14:49:11","slug":"grip-clip","status":"publish","type":"product","link":"https:\/\/officemanager.se\/index.php\/produkt\/grip-clip\/","title":{"rendered":"Grip-Clip, f\u00f6r upph\u00e4ngning av papper"},"content":{"rendered":"<p>Grip-Clip anv\u00e4nds f\u00f6r upph\u00e4ngning av papper och f\u00f6rvaring av penna. Perfekt till f\u00f6rskolor och skolor. Det \u00e4r en sj\u00e4lvh\u00e4ftande h\u00e5llare som kan placeras p\u00e5 de flesta sl\u00e4ta v\u00e4ggar, d\u00f6rrar och f\u00f6nster f\u00f6r att h\u00e5lla i informationsblad, scheman, fotografier, ritningar, kartor etc. Grip-Clip h\u00e5ller 10 ark lika stadigt som ett enda ark. F\u00f6r arket upp\u00e5t f\u00f6r att f\u00e4sta det, dra arket i sidled f\u00f6r att ta bort det fr\u00e5n Grip-Clip.<\/p>\n","protected":false},"excerpt":{"rendered":"<p>Grip-Clip anv\u00e4nds f\u00f6r upph\u00e4ngning av papper och f\u00f6rvaring av penna. Perfekt till f\u00f6rskolor och skolor. Det \u00e4r en sj\u00e4lvh\u00e4ftande h\u00e5llare som kan placeras p\u00e5 de flesta sl\u00e4ta v\u00e4ggar, d\u00f6rrar och f\u00f6nster f\u00f6r att h\u00e5lla i informationsblad, scheman, fotografier, ritningar, kartor etc. Grip-Clip h\u00e5ller 10 ark lika stadigt som ett enda ark. F\u00f6r arket upp\u00e5t f\u00f6r [&hellip;]<\/p>\n","protected":false},"featured_media":183,"comment_status":"open","ping_status":"closed","template":"","meta":[],"product_brand":[],"product_cat":[33,43],"product_tag":[],"class_list":{"0":"post-182","1":"product","2":"type-product","3":"status-publish","4":"has-post-thumbnail","6":"product_cat-for-skola-forskola","7":"product_cat-anslag-upphangning","9":"first","10":"instock","11":"taxable","12":"shipping-taxable","13":"product-type-simple"},"jetpack_sharing_enabled":true,"_links":{"self":[{"href":"https:\/\/officemanager.se\/index.php\/wp-json\/wp\/v2\/product\/182","targetHints":{"allow":["GET"]}}],"collection":[{"href":"https:\/\/officemanager.se\/index.php\/wp-json\/wp\/v2\/product"}],"about":[{"href":"https:\/\/officemanager.se\/index.php\/wp-json\/wp\/v2\/types\/product"}],"replies":[{"embeddable":true,"href":"https:\/\/officemanager.se\/index.php\/wp-json\/wp\/v2\/comments?post=182"}],"wp:featuredmedia":[{"embeddable":true,"href":"https:\/\/officemanager.se\/index.php\/wp-json\/wp\/v2\/media\/183"}],"wp:attachment":[{"href":"https:\/\/officemanager.se\/index.php\/wp-json\/wp\/v2\/media?parent=182"}],"wp:term":[{"taxonomy":"product_brand","embeddable":true,"href":"https:\/\/officemanager.se\/index.php\/wp-json\/wp\/v2\/product_brand?post=182"},{"taxonomy":"product_cat","embeddable":true,"href":"https:\/\/officemanager.se\/index.php\/wp-json\/wp\/v2\/product_cat?post=182"},{"taxonomy":"product_tag","embeddable":true,"href":"https:\/\/officemanager.se\/index.php\/wp-json\/wp\/v2\/product_tag?post=182"}],"curies":[{"name":"wp","href":"https:\/\/api.w.org\/{rel}","templated":true}]}}