{"id":186,"date":"2025-10-09T08:19:23","date_gmt":"2025-10-09T08:19:23","guid":{"rendered":"https:\/\/officemanager.se\/?post_type=product&#038;p=186"},"modified":"2026-02-09T12:26:15","modified_gmt":"2026-02-09T12:26:15","slug":"keyboard-swabs","status":"publish","type":"product","link":"https:\/\/officemanager.se\/index.php\/produkt\/keyboard-swabs\/","title":{"rendered":"Keyboard Swabs\/tops"},"content":{"rendered":"<p>10 st Keyboard Swabs, reng\u00f6r enkelt tangentbord, mus, telefon och skrivare etc. Topsen \u00e4r doppade i ett bakteried\u00f6dande medel.<\/p>\n","protected":false},"excerpt":{"rendered":"<p>10 st Keyboard Swabs<\/p>\n","protected":false},"featured_media":1246,"comment_status":"open","ping_status":"closed","template":"","meta":[],"product_brand":[],"product_cat":[31,32,90,44],"product_tag":[45],"class_list":{"0":"post-186","1":"product","2":"type-product","3":"status-publish","4":"has-post-thumbnail","6":"product_cat-kontoret","7":"product_cat-for-advokater","8":"product_cat-ekonomi-bokforing","9":"product_cat-rengoring","10":"product_tag-rengoring","12":"first","13":"instock","14":"taxable","15":"shipping-taxable","16":"product-type-simple"},"jetpack_sharing_enabled":true,"_links":{"self":[{"href":"https:\/\/officemanager.se\/index.php\/wp-json\/wp\/v2\/product\/186","targetHints":{"allow":["GET"]}}],"collection":[{"href":"https:\/\/officemanager.se\/index.php\/wp-json\/wp\/v2\/product"}],"about":[{"href":"https:\/\/officemanager.se\/index.php\/wp-json\/wp\/v2\/types\/product"}],"replies":[{"embeddable":true,"href":"https:\/\/officemanager.se\/index.php\/wp-json\/wp\/v2\/comments?post=186"}],"wp:featuredmedia":[{"embeddable":true,"href":"https:\/\/officemanager.se\/index.php\/wp-json\/wp\/v2\/media\/1246"}],"wp:attachment":[{"href":"https:\/\/officemanager.se\/index.php\/wp-json\/wp\/v2\/media?parent=186"}],"wp:term":[{"taxonomy":"product_brand","embeddable":true,"href":"https:\/\/officemanager.se\/index.php\/wp-json\/wp\/v2\/product_brand?post=186"},{"taxonomy":"product_cat","embeddable":true,"href":"https:\/\/officemanager.se\/index.php\/wp-json\/wp\/v2\/product_cat?post=186"},{"taxonomy":"product_tag","embeddable":true,"href":"https:\/\/officemanager.se\/index.php\/wp-json\/wp\/v2\/product_tag?post=186"}],"curies":[{"name":"wp","href":"https:\/\/api.w.org\/{rel}","templated":true}]}}