{"id":1875,"date":"2026-02-23T13:03:40","date_gmt":"2026-02-23T13:03:40","guid":{"rendered":"https:\/\/officemanager.se\/?post_type=product&#038;p=1875"},"modified":"2026-02-23T14:14:52","modified_gmt":"2026-02-23T14:14:52","slug":"talarkort-av-atervunnet-70gr-papper-fsc-certified","status":"publish","type":"product","link":"https:\/\/officemanager.se\/index.php\/produkt\/talarkort-av-atervunnet-70gr-papper-fsc-certified\/","title":{"rendered":"Talarkort A5, av \u00e5tervunnet 70gr papper FSC\u00ae-certified"},"content":{"rendered":"<p>Talarkort, av \u00e5tervunnet 70gr papper FSC\u00ae-certified<\/p>\n","protected":false},"excerpt":{"rendered":"<p><span data-sheets-root=\"1\">Kontakta oss f\u00f6r r\u00e5dgivning och best\u00e4llning. Kan f\u00e5s med enf\u00e4rgslogga<\/span><\/p>\n","protected":false},"featured_media":1876,"comment_status":"open","ping_status":"closed","template":"","meta":[],"product_brand":[],"product_cat":[31,23],"product_tag":[22],"class_list":{"0":"post-1875","1":"product","2":"type-product","3":"status-publish","4":"has-post-thumbnail","6":"product_cat-kontoret","7":"product_cat-anteckningar-block","8":"product_tag-anteckningsblock","10":"first","11":"instock","12":"taxable","13":"shipping-taxable","14":"product-type-simple"},"jetpack_sharing_enabled":true,"_links":{"self":[{"href":"https:\/\/officemanager.se\/index.php\/wp-json\/wp\/v2\/product\/1875","targetHints":{"allow":["GET"]}}],"collection":[{"href":"https:\/\/officemanager.se\/index.php\/wp-json\/wp\/v2\/product"}],"about":[{"href":"https:\/\/officemanager.se\/index.php\/wp-json\/wp\/v2\/types\/product"}],"replies":[{"embeddable":true,"href":"https:\/\/officemanager.se\/index.php\/wp-json\/wp\/v2\/comments?post=1875"}],"wp:featuredmedia":[{"embeddable":true,"href":"https:\/\/officemanager.se\/index.php\/wp-json\/wp\/v2\/media\/1876"}],"wp:attachment":[{"href":"https:\/\/officemanager.se\/index.php\/wp-json\/wp\/v2\/media?parent=1875"}],"wp:term":[{"taxonomy":"product_brand","embeddable":true,"href":"https:\/\/officemanager.se\/index.php\/wp-json\/wp\/v2\/product_brand?post=1875"},{"taxonomy":"product_cat","embeddable":true,"href":"https:\/\/officemanager.se\/index.php\/wp-json\/wp\/v2\/product_cat?post=1875"},{"taxonomy":"product_tag","embeddable":true,"href":"https:\/\/officemanager.se\/index.php\/wp-json\/wp\/v2\/product_tag?post=1875"}],"curies":[{"name":"wp","href":"https:\/\/api.w.org\/{rel}","templated":true}]}}