{"id":188,"date":"2025-10-09T08:26:00","date_gmt":"2025-10-09T08:26:00","guid":{"rendered":"https:\/\/officemanager.se\/?post_type=product&#038;p=188"},"modified":"2026-03-09T12:34:42","modified_gmt":"2026-03-09T12:34:42","slug":"pro-super-wipe","status":"publish","type":"product","link":"https:\/\/officemanager.se\/index.php\/produkt\/pro-super-wipe\/","title":{"rendered":"Magic Wipe 8\/fp"},"content":{"rendered":"<p>Magic Wipe reng\u00f6r effektiv och skonsamt bildsk\u00e4rmar, smartphones, surfplattor, glas\u00f6gon och fungerar \u00e4ven bra p\u00e5 t ex tangentbord och andra ytor. En l\u00e4tt fuktad mikrofiberduk f\u00f6r enkel reng\u00f6ring, kan \u00e5terfuktas f\u00f6r anv\u00e4ndning om och om igen.<\/p>\n","protected":false},"excerpt":{"rendered":"<p>Magic Wipe f\u00f6r bildsk\u00e4rmar, smartphones, sufplattor, glas\u00f6gon mm. 8 st\/fp<\/p>\n","protected":false},"featured_media":1909,"comment_status":"open","ping_status":"closed","template":"","meta":[],"product_brand":[],"product_cat":[31,32,90,33,44],"product_tag":[45],"class_list":{"0":"post-188","1":"product","2":"type-product","3":"status-publish","4":"has-post-thumbnail","6":"product_cat-kontoret","7":"product_cat-for-advokater","8":"product_cat-ekonomi-bokforing","9":"product_cat-for-skola-forskola","10":"product_cat-rengoring","11":"product_tag-rengoring","13":"first","14":"instock","15":"taxable","16":"shipping-taxable","17":"product-type-simple"},"jetpack_sharing_enabled":true,"_links":{"self":[{"href":"https:\/\/officemanager.se\/index.php\/wp-json\/wp\/v2\/product\/188","targetHints":{"allow":["GET"]}}],"collection":[{"href":"https:\/\/officemanager.se\/index.php\/wp-json\/wp\/v2\/product"}],"about":[{"href":"https:\/\/officemanager.se\/index.php\/wp-json\/wp\/v2\/types\/product"}],"replies":[{"embeddable":true,"href":"https:\/\/officemanager.se\/index.php\/wp-json\/wp\/v2\/comments?post=188"}],"wp:featuredmedia":[{"embeddable":true,"href":"https:\/\/officemanager.se\/index.php\/wp-json\/wp\/v2\/media\/1909"}],"wp:attachment":[{"href":"https:\/\/officemanager.se\/index.php\/wp-json\/wp\/v2\/media?parent=188"}],"wp:term":[{"taxonomy":"product_brand","embeddable":true,"href":"https:\/\/officemanager.se\/index.php\/wp-json\/wp\/v2\/product_brand?post=188"},{"taxonomy":"product_cat","embeddable":true,"href":"https:\/\/officemanager.se\/index.php\/wp-json\/wp\/v2\/product_cat?post=188"},{"taxonomy":"product_tag","embeddable":true,"href":"https:\/\/officemanager.se\/index.php\/wp-json\/wp\/v2\/product_tag?post=188"}],"curies":[{"name":"wp","href":"https:\/\/api.w.org\/{rel}","templated":true}]}}