{"id":1889,"date":"2026-03-02T11:42:00","date_gmt":"2026-03-02T11:42:00","guid":{"rendered":"https:\/\/officemanager.se\/?post_type=product&#038;p=1889"},"modified":"2026-03-02T11:55:32","modified_gmt":"2026-03-02T11:55:32","slug":"kontorsmapp-10-pack-a4-sorterade-farger","status":"publish","type":"product","link":"https:\/\/officemanager.se\/index.php\/produkt\/kontorsmapp-10-pack-a4-sorterade-farger\/","title":{"rendered":"Kontorsmapp, 10-pack, A4, sorterade f\u00e4rger (budget)"},"content":{"rendered":"<p><span data-sheets-root=\"1\">Aktmapp i sorterade f\u00e4rger av pr\u00e4glad 0,11mm antistatisk polypropylenplast (PP),110 mikron. Mapp med \u00f6ppning p\u00e5 l\u00e5ngsida och kortsida. 10 stycken mappar, levereras i plastp\u00e5se.<\/span><\/p>\n","protected":false},"excerpt":{"rendered":"<p><span data-sheets-root=\"1\">F\u00e4rgade antistatiska kontorsmappar i A4 med \u00f6ppning p\u00e5 l\u00e5ngsida och kortsida f\u00f6r s\u00e4ker f\u00f6rvaring av dokument. Vid anv\u00e4ndning av f\u00e4rgade mappar kan olika projekt eller uppgifter enkelt f\u00e4rgkoordineras.<\/span><\/p>\n","protected":false},"featured_media":1895,"comment_status":"open","ping_status":"closed","template":"","meta":[],"product_brand":[],"product_cat":[31,33,17],"product_tag":[18],"class_list":{"0":"post-1889","1":"product","2":"type-product","3":"status-publish","4":"has-post-thumbnail","6":"product_cat-kontoret","7":"product_cat-for-skola-forskola","8":"product_cat-mappar","9":"product_tag-plastmapp","11":"first","12":"instock","13":"taxable","14":"shipping-taxable","15":"product-type-simple"},"jetpack_sharing_enabled":true,"_links":{"self":[{"href":"https:\/\/officemanager.se\/index.php\/wp-json\/wp\/v2\/product\/1889","targetHints":{"allow":["GET"]}}],"collection":[{"href":"https:\/\/officemanager.se\/index.php\/wp-json\/wp\/v2\/product"}],"about":[{"href":"https:\/\/officemanager.se\/index.php\/wp-json\/wp\/v2\/types\/product"}],"replies":[{"embeddable":true,"href":"https:\/\/officemanager.se\/index.php\/wp-json\/wp\/v2\/comments?post=1889"}],"wp:featuredmedia":[{"embeddable":true,"href":"https:\/\/officemanager.se\/index.php\/wp-json\/wp\/v2\/media\/1895"}],"wp:attachment":[{"href":"https:\/\/officemanager.se\/index.php\/wp-json\/wp\/v2\/media?parent=1889"}],"wp:term":[{"taxonomy":"product_brand","embeddable":true,"href":"https:\/\/officemanager.se\/index.php\/wp-json\/wp\/v2\/product_brand?post=1889"},{"taxonomy":"product_cat","embeddable":true,"href":"https:\/\/officemanager.se\/index.php\/wp-json\/wp\/v2\/product_cat?post=1889"},{"taxonomy":"product_tag","embeddable":true,"href":"https:\/\/officemanager.se\/index.php\/wp-json\/wp\/v2\/product_tag?post=1889"}],"curies":[{"name":"wp","href":"https:\/\/api.w.org\/{rel}","templated":true}]}}