{"id":1896,"date":"2026-03-02T11:56:29","date_gmt":"2026-03-02T11:56:29","guid":{"rendered":"https:\/\/officemanager.se\/?post_type=product&#038;p=1896"},"modified":"2026-03-02T12:00:48","modified_gmt":"2026-03-02T12:00:48","slug":"aktmapp-a4-110-mikron-100-pack-budget","status":"publish","type":"product","link":"https:\/\/officemanager.se\/index.php\/produkt\/aktmapp-a4-110-mikron-100-pack-budget\/","title":{"rendered":"Aktmapp A4, 110 Mikron 100-pack (budget)"},"content":{"rendered":"<p><span data-sheets-root=\"1\">Transparent aktmapp av pr\u00e4glad 0,11mm antistatisk polypropylenplast (PP),110 mikron. Mapp med \u00f6ppning p\u00e5 l\u00e5ngsida och kortsida. 100 stycken transparenta mappar, levereras i plastp\u00e5se.<\/span><\/p>\n","protected":false},"excerpt":{"rendered":"<p><span data-sheets-root=\"1\">Transparenta antistatiska kontorsmappar i A4 med \u00f6ppning p\u00e5 l\u00e5ngsida och kortsida f\u00f6r s\u00e4ker f\u00f6rvaring av dokument. Samla dokument utan att sl\u00e5 h\u00e5l och s\u00e4tta in i p\u00e4rm.<\/span><\/p>\n","protected":false},"featured_media":1897,"comment_status":"open","ping_status":"closed","template":"","meta":[],"product_brand":[],"product_cat":[31,33,17],"product_tag":[18],"class_list":{"0":"post-1896","1":"product","2":"type-product","3":"status-publish","4":"has-post-thumbnail","6":"product_cat-kontoret","7":"product_cat-for-skola-forskola","8":"product_cat-mappar","9":"product_tag-plastmapp","11":"first","12":"instock","13":"taxable","14":"shipping-taxable","15":"product-type-simple"},"jetpack_sharing_enabled":true,"_links":{"self":[{"href":"https:\/\/officemanager.se\/index.php\/wp-json\/wp\/v2\/product\/1896","targetHints":{"allow":["GET"]}}],"collection":[{"href":"https:\/\/officemanager.se\/index.php\/wp-json\/wp\/v2\/product"}],"about":[{"href":"https:\/\/officemanager.se\/index.php\/wp-json\/wp\/v2\/types\/product"}],"replies":[{"embeddable":true,"href":"https:\/\/officemanager.se\/index.php\/wp-json\/wp\/v2\/comments?post=1896"}],"wp:featuredmedia":[{"embeddable":true,"href":"https:\/\/officemanager.se\/index.php\/wp-json\/wp\/v2\/media\/1897"}],"wp:attachment":[{"href":"https:\/\/officemanager.se\/index.php\/wp-json\/wp\/v2\/media?parent=1896"}],"wp:term":[{"taxonomy":"product_brand","embeddable":true,"href":"https:\/\/officemanager.se\/index.php\/wp-json\/wp\/v2\/product_brand?post=1896"},{"taxonomy":"product_cat","embeddable":true,"href":"https:\/\/officemanager.se\/index.php\/wp-json\/wp\/v2\/product_cat?post=1896"},{"taxonomy":"product_tag","embeddable":true,"href":"https:\/\/officemanager.se\/index.php\/wp-json\/wp\/v2\/product_tag?post=1896"}],"curies":[{"name":"wp","href":"https:\/\/api.w.org\/{rel}","templated":true}]}}