{"id":1915,"date":"2026-03-10T13:23:17","date_gmt":"2026-03-10T13:23:17","guid":{"rendered":"https:\/\/officemanager.se\/?post_type=product&#038;p=1915"},"modified":"2026-03-10T13:29:11","modified_gmt":"2026-03-10T13:29:11","slug":"whiteboard-cup-svart","status":"publish","type":"product","link":"https:\/\/officemanager.se\/index.php\/produkt\/whiteboard-cup-svart\/","title":{"rendered":"Whiteboard Cup, svart"},"content":{"rendered":"<p><span data-sheets-root=\"1\">En smart magnetisk pennh\u00e5llare som rymmer upp till 4 whiteboardpennor, och har en mjukt gummerad yta. Funkar p\u00e5 alla glas- och whiteboardytor (pennor ing\u00e5r ej)\u00a0<\/span><\/p>\n","protected":false},"excerpt":{"rendered":"<p><span data-sheets-root=\"1\">Magnetisk h\u00e5llare f\u00f6r whiteboardpennor, svart<\/span><\/p>\n","protected":false},"featured_media":1921,"comment_status":"open","ping_status":"closed","template":"","meta":[],"product_brand":[54],"product_cat":[32,26,52],"product_tag":[29],"class_list":{"0":"post-1915","1":"product","2":"type-product","3":"status-publish","4":"has-post-thumbnail","6":"product_brand-lintex","7":"product_cat-for-advokater","8":"product_cat-whiteboard-tillbehor","9":"product_cat-lintex","10":"product_tag-whiteboard","12":"first","13":"instock","14":"taxable","15":"shipping-taxable","16":"product-type-simple"},"jetpack_sharing_enabled":true,"_links":{"self":[{"href":"https:\/\/officemanager.se\/index.php\/wp-json\/wp\/v2\/product\/1915","targetHints":{"allow":["GET"]}}],"collection":[{"href":"https:\/\/officemanager.se\/index.php\/wp-json\/wp\/v2\/product"}],"about":[{"href":"https:\/\/officemanager.se\/index.php\/wp-json\/wp\/v2\/types\/product"}],"replies":[{"embeddable":true,"href":"https:\/\/officemanager.se\/index.php\/wp-json\/wp\/v2\/comments?post=1915"}],"wp:featuredmedia":[{"embeddable":true,"href":"https:\/\/officemanager.se\/index.php\/wp-json\/wp\/v2\/media\/1921"}],"wp:attachment":[{"href":"https:\/\/officemanager.se\/index.php\/wp-json\/wp\/v2\/media?parent=1915"}],"wp:term":[{"taxonomy":"product_brand","embeddable":true,"href":"https:\/\/officemanager.se\/index.php\/wp-json\/wp\/v2\/product_brand?post=1915"},{"taxonomy":"product_cat","embeddable":true,"href":"https:\/\/officemanager.se\/index.php\/wp-json\/wp\/v2\/product_cat?post=1915"},{"taxonomy":"product_tag","embeddable":true,"href":"https:\/\/officemanager.se\/index.php\/wp-json\/wp\/v2\/product_tag?post=1915"}],"curies":[{"name":"wp","href":"https:\/\/api.w.org\/{rel}","templated":true}]}}