{"id":198,"date":"2025-10-09T09:29:28","date_gmt":"2025-10-09T09:29:28","guid":{"rendered":"https:\/\/officemanager.se\/?post_type=product&#038;p=198"},"modified":"2026-02-09T13:33:24","modified_gmt":"2026-02-09T13:33:24","slug":"surface-cleaner","status":"publish","type":"product","link":"https:\/\/officemanager.se\/index.php\/produkt\/surface-cleaner\/","title":{"rendered":"Surface Cleaner"},"content":{"rendered":"<p>Surface Cleaner &#8211; 100 st v\u00e5ta dukar f\u00f6r effektiv reng\u00f6ring av ytor av plast och metall som tangentbord, mus, telefoner etc. Skall <strong>EJ<\/strong> anv\u00e4ndas p\u00e5 sk\u00e4rmar.<\/p>\n","protected":false},"excerpt":{"rendered":"<p>100 st v\u00e5ta dukar f\u00f6r effektiv reng\u00f6ring<\/p>\n","protected":false},"featured_media":642,"comment_status":"open","ping_status":"closed","template":"","meta":[],"product_brand":[],"product_cat":[31,90,44],"product_tag":[45],"class_list":{"0":"post-198","1":"product","2":"type-product","3":"status-publish","4":"has-post-thumbnail","6":"product_cat-kontoret","7":"product_cat-ekonomi-bokforing","8":"product_cat-rengoring","9":"product_tag-rengoring","11":"first","12":"instock","13":"taxable","14":"shipping-taxable","15":"product-type-simple"},"jetpack_sharing_enabled":true,"_links":{"self":[{"href":"https:\/\/officemanager.se\/index.php\/wp-json\/wp\/v2\/product\/198","targetHints":{"allow":["GET"]}}],"collection":[{"href":"https:\/\/officemanager.se\/index.php\/wp-json\/wp\/v2\/product"}],"about":[{"href":"https:\/\/officemanager.se\/index.php\/wp-json\/wp\/v2\/types\/product"}],"replies":[{"embeddable":true,"href":"https:\/\/officemanager.se\/index.php\/wp-json\/wp\/v2\/comments?post=198"}],"wp:featuredmedia":[{"embeddable":true,"href":"https:\/\/officemanager.se\/index.php\/wp-json\/wp\/v2\/media\/642"}],"wp:attachment":[{"href":"https:\/\/officemanager.se\/index.php\/wp-json\/wp\/v2\/media?parent=198"}],"wp:term":[{"taxonomy":"product_brand","embeddable":true,"href":"https:\/\/officemanager.se\/index.php\/wp-json\/wp\/v2\/product_brand?post=198"},{"taxonomy":"product_cat","embeddable":true,"href":"https:\/\/officemanager.se\/index.php\/wp-json\/wp\/v2\/product_cat?post=198"},{"taxonomy":"product_tag","embeddable":true,"href":"https:\/\/officemanager.se\/index.php\/wp-json\/wp\/v2\/product_tag?post=198"}],"curies":[{"name":"wp","href":"https:\/\/api.w.org\/{rel}","templated":true}]}}