{"id":199,"date":"2025-10-09T09:37:46","date_gmt":"2025-10-09T09:37:46","guid":{"rendered":"https:\/\/officemanager.se\/?post_type=product&#038;p=199"},"modified":"2025-12-30T08:42:36","modified_gmt":"2025-12-30T08:42:36","slug":"screen-cleaner","status":"publish","type":"product","link":"https:\/\/officemanager.se\/index.php\/produkt\/screen-cleaner\/","title":{"rendered":"Screen Cleaner"},"content":{"rendered":"<p>Screen Cleaner &#8211; spray f\u00f6r reng\u00f6ring av bildsk\u00e4rmar, tv, monitorer m. fl (TFT-LCD), 125 ml<\/p>\n","protected":false},"excerpt":{"rendered":"<p>Screen Cleaner &#8211; spray f\u00f6r reng\u00f6ring av bildsk\u00e4rmar, tv, monitorer m. fl (TFT-LCD), 125 ml<\/p>\n","protected":false},"featured_media":200,"comment_status":"open","ping_status":"closed","template":"","meta":[],"product_brand":[],"product_cat":[44],"product_tag":[45],"class_list":{"0":"post-199","1":"product","2":"type-product","3":"status-publish","4":"has-post-thumbnail","6":"product_cat-rengoring","7":"product_tag-rengoring","9":"first","10":"instock","11":"taxable","12":"shipping-taxable","13":"product-type-simple"},"jetpack_sharing_enabled":true,"_links":{"self":[{"href":"https:\/\/officemanager.se\/index.php\/wp-json\/wp\/v2\/product\/199","targetHints":{"allow":["GET"]}}],"collection":[{"href":"https:\/\/officemanager.se\/index.php\/wp-json\/wp\/v2\/product"}],"about":[{"href":"https:\/\/officemanager.se\/index.php\/wp-json\/wp\/v2\/types\/product"}],"replies":[{"embeddable":true,"href":"https:\/\/officemanager.se\/index.php\/wp-json\/wp\/v2\/comments?post=199"}],"wp:featuredmedia":[{"embeddable":true,"href":"https:\/\/officemanager.se\/index.php\/wp-json\/wp\/v2\/media\/200"}],"wp:attachment":[{"href":"https:\/\/officemanager.se\/index.php\/wp-json\/wp\/v2\/media?parent=199"}],"wp:term":[{"taxonomy":"product_brand","embeddable":true,"href":"https:\/\/officemanager.se\/index.php\/wp-json\/wp\/v2\/product_brand?post=199"},{"taxonomy":"product_cat","embeddable":true,"href":"https:\/\/officemanager.se\/index.php\/wp-json\/wp\/v2\/product_cat?post=199"},{"taxonomy":"product_tag","embeddable":true,"href":"https:\/\/officemanager.se\/index.php\/wp-json\/wp\/v2\/product_tag?post=199"}],"curies":[{"name":"wp","href":"https:\/\/api.w.org\/{rel}","templated":true}]}}