{"id":232,"date":"2025-10-13T11:34:44","date_gmt":"2025-10-13T11:34:44","guid":{"rendered":"https:\/\/officemanager.se\/?post_type=product&#038;p=232"},"modified":"2026-01-22T14:17:48","modified_gmt":"2026-01-22T14:17:48","slug":"spiralblock-a6-100-ark-60-gram-ohalat-linjerat-5-pack","status":"publish","type":"product","link":"https:\/\/officemanager.se\/index.php\/produkt\/spiralblock-a6-100-ark-60-gram-ohalat-linjerat-5-pack\/","title":{"rendered":"Kollegieblock A6, kraftigt omslag, linjerat"},"content":{"rendered":"<p>Linjerat kollegieblock med toppspiral i A6 format. 100 ark och 60g papper. Blocken \u00e4r FSC m\u00e4rkta med vit fram- och baksida samt mikroperforerade papper. Perfekt f\u00f6r anteckningar i skolan eller p\u00e5 kontoret.<\/p>\n","protected":false},"excerpt":{"rendered":"<p>Linjerat kollegieblock i A6 format med 100 ark och 60g papper.<\/p>\n","protected":false},"featured_media":234,"comment_status":"open","ping_status":"closed","template":"","meta":[],"product_brand":[],"product_cat":[31,33,23],"product_tag":[22],"class_list":{"0":"post-232","1":"product","2":"type-product","3":"status-publish","4":"has-post-thumbnail","6":"product_cat-kontoret","7":"product_cat-for-skola-forskola","8":"product_cat-anteckningar-block","9":"product_tag-anteckningsblock","11":"first","12":"instock","13":"taxable","14":"shipping-taxable","15":"product-type-simple"},"jetpack_sharing_enabled":true,"_links":{"self":[{"href":"https:\/\/officemanager.se\/index.php\/wp-json\/wp\/v2\/product\/232","targetHints":{"allow":["GET"]}}],"collection":[{"href":"https:\/\/officemanager.se\/index.php\/wp-json\/wp\/v2\/product"}],"about":[{"href":"https:\/\/officemanager.se\/index.php\/wp-json\/wp\/v2\/types\/product"}],"replies":[{"embeddable":true,"href":"https:\/\/officemanager.se\/index.php\/wp-json\/wp\/v2\/comments?post=232"}],"wp:featuredmedia":[{"embeddable":true,"href":"https:\/\/officemanager.se\/index.php\/wp-json\/wp\/v2\/media\/234"}],"wp:attachment":[{"href":"https:\/\/officemanager.se\/index.php\/wp-json\/wp\/v2\/media?parent=232"}],"wp:term":[{"taxonomy":"product_brand","embeddable":true,"href":"https:\/\/officemanager.se\/index.php\/wp-json\/wp\/v2\/product_brand?post=232"},{"taxonomy":"product_cat","embeddable":true,"href":"https:\/\/officemanager.se\/index.php\/wp-json\/wp\/v2\/product_cat?post=232"},{"taxonomy":"product_tag","embeddable":true,"href":"https:\/\/officemanager.se\/index.php\/wp-json\/wp\/v2\/product_tag?post=232"}],"curies":[{"name":"wp","href":"https:\/\/api.w.org\/{rel}","templated":true}]}}