{"id":283,"date":"2025-10-14T11:39:26","date_gmt":"2025-10-14T11:39:26","guid":{"rendered":"https:\/\/officemanager.se\/?post_type=product&#038;p=283"},"modified":"2026-01-28T11:25:28","modified_gmt":"2026-01-28T11:25:28","slug":"wb-accessory-kit-svart","status":"publish","type":"product","link":"https:\/\/officemanager.se\/index.php\/produkt\/wb-accessory-kit-svart\/","title":{"rendered":"Whiteboard Accessory Kit, svart"},"content":{"rendered":"<p>Ett set om fyra pennor (svart bl\u00e4ck) med magnetiska singelpennh\u00e5llare, fem magneter, tavelsudd med tre extrafiltar, sprayflaska f\u00f6r reng\u00f6ring med vatten och en microfiberduk samt en magnetisk flaskh\u00e5llare.<\/p>\n","protected":false},"excerpt":{"rendered":"<p>Whiteboard Accessory Kit, svart<\/p>\n","protected":false},"featured_media":1285,"comment_status":"open","ping_status":"closed","template":"","meta":[],"product_brand":[54],"product_cat":[32,26,52],"product_tag":[45,29],"class_list":{"0":"post-283","1":"product","2":"type-product","3":"status-publish","4":"has-post-thumbnail","6":"product_brand-lintex","7":"product_cat-for-advokater","8":"product_cat-whiteboard-tillbehor","9":"product_cat-lintex","10":"product_tag-rengoring","11":"product_tag-whiteboard","13":"first","14":"instock","15":"taxable","16":"shipping-taxable","17":"product-type-simple"},"jetpack_sharing_enabled":true,"_links":{"self":[{"href":"https:\/\/officemanager.se\/index.php\/wp-json\/wp\/v2\/product\/283","targetHints":{"allow":["GET"]}}],"collection":[{"href":"https:\/\/officemanager.se\/index.php\/wp-json\/wp\/v2\/product"}],"about":[{"href":"https:\/\/officemanager.se\/index.php\/wp-json\/wp\/v2\/types\/product"}],"replies":[{"embeddable":true,"href":"https:\/\/officemanager.se\/index.php\/wp-json\/wp\/v2\/comments?post=283"}],"wp:featuredmedia":[{"embeddable":true,"href":"https:\/\/officemanager.se\/index.php\/wp-json\/wp\/v2\/media\/1285"}],"wp:attachment":[{"href":"https:\/\/officemanager.se\/index.php\/wp-json\/wp\/v2\/media?parent=283"}],"wp:term":[{"taxonomy":"product_brand","embeddable":true,"href":"https:\/\/officemanager.se\/index.php\/wp-json\/wp\/v2\/product_brand?post=283"},{"taxonomy":"product_cat","embeddable":true,"href":"https:\/\/officemanager.se\/index.php\/wp-json\/wp\/v2\/product_cat?post=283"},{"taxonomy":"product_tag","embeddable":true,"href":"https:\/\/officemanager.se\/index.php\/wp-json\/wp\/v2\/product_tag?post=283"}],"curies":[{"name":"wp","href":"https:\/\/api.w.org\/{rel}","templated":true}]}}