{"id":287,"date":"2025-10-14T12:01:40","date_gmt":"2025-10-14T12:01:40","guid":{"rendered":"https:\/\/officemanager.se\/?post_type=product&#038;p=287"},"modified":"2026-01-23T13:27:54","modified_gmt":"2026-01-23T13:27:54","slug":"wb-pennhallare","status":"publish","type":"product","link":"https:\/\/officemanager.se\/index.php\/produkt\/wb-pennhallare\/","title":{"rendered":"Whiteboard Pennh\u00e5llare, svart"},"content":{"rendered":"<p>Whiteboard Pennh\u00e5llare, magnetisk, 4 st (penna ing\u00e5r ej)<\/p>\n","protected":false},"excerpt":{"rendered":"<p>Whiteboard Pennh\u00e5llare, magnetisk, 4 st<\/p>\n","protected":false},"featured_media":1273,"comment_status":"open","ping_status":"closed","template":"","meta":[],"product_brand":[54],"product_cat":[26,52],"product_tag":[29],"class_list":{"0":"post-287","1":"product","2":"type-product","3":"status-publish","4":"has-post-thumbnail","6":"product_brand-lintex","7":"product_cat-whiteboard-tillbehor","8":"product_cat-lintex","9":"product_tag-whiteboard","11":"first","12":"instock","13":"taxable","14":"shipping-taxable","15":"product-type-simple"},"jetpack_sharing_enabled":true,"_links":{"self":[{"href":"https:\/\/officemanager.se\/index.php\/wp-json\/wp\/v2\/product\/287","targetHints":{"allow":["GET"]}}],"collection":[{"href":"https:\/\/officemanager.se\/index.php\/wp-json\/wp\/v2\/product"}],"about":[{"href":"https:\/\/officemanager.se\/index.php\/wp-json\/wp\/v2\/types\/product"}],"replies":[{"embeddable":true,"href":"https:\/\/officemanager.se\/index.php\/wp-json\/wp\/v2\/comments?post=287"}],"wp:featuredmedia":[{"embeddable":true,"href":"https:\/\/officemanager.se\/index.php\/wp-json\/wp\/v2\/media\/1273"}],"wp:attachment":[{"href":"https:\/\/officemanager.se\/index.php\/wp-json\/wp\/v2\/media?parent=287"}],"wp:term":[{"taxonomy":"product_brand","embeddable":true,"href":"https:\/\/officemanager.se\/index.php\/wp-json\/wp\/v2\/product_brand?post=287"},{"taxonomy":"product_cat","embeddable":true,"href":"https:\/\/officemanager.se\/index.php\/wp-json\/wp\/v2\/product_cat?post=287"},{"taxonomy":"product_tag","embeddable":true,"href":"https:\/\/officemanager.se\/index.php\/wp-json\/wp\/v2\/product_tag?post=287"}],"curies":[{"name":"wp","href":"https:\/\/api.w.org\/{rel}","templated":true}]}}