{"id":298,"date":"2025-10-14T13:08:31","date_gmt":"2025-10-14T13:08:31","guid":{"rendered":"https:\/\/officemanager.se\/?post_type=product&#038;p=298"},"modified":"2026-01-27T15:01:15","modified_gmt":"2026-01-27T15:01:15","slug":"grip-clip-m-pennhallare","status":"publish","type":"product","link":"https:\/\/officemanager.se\/index.php\/produkt\/grip-clip-m-pennhallare\/","title":{"rendered":"Grip-Clip + Pen, f\u00f6r upph\u00e4ngning av papper"},"content":{"rendered":"<p>Grip-Clip med pennh\u00e5llare anv\u00e4nds f\u00f6r upph\u00e4ngning av papper och f\u00f6rvaring av penna. Perfekt till f\u00f6rskolor och skolor. Det \u00e4r en sj\u00e4lvh\u00e4ftande h\u00e5llare som kan placeras p\u00e5 de flesta sl\u00e4ta v\u00e4ggar, d\u00f6rrar och f\u00f6nster f\u00f6r att h\u00e5lla i informationsblad, scheman, fotografier, ritningar, kartor etc. F\u00f6r arket upp\u00e5t f\u00f6r att f\u00e4sta det, dra arket i sidled f\u00f6r att ta bort det fr\u00e5n Grip-Clip.<\/p>\n","protected":false},"excerpt":{"rendered":"<p>Grip-Clip med pennh\u00e5llare<\/p>\n","protected":false},"featured_media":1249,"comment_status":"open","ping_status":"closed","template":"","meta":[],"product_brand":[],"product_cat":[33,43],"product_tag":[],"class_list":{"0":"post-298","1":"product","2":"type-product","3":"status-publish","4":"has-post-thumbnail","6":"product_cat-for-skola-forskola","7":"product_cat-anslag-upphangning","9":"first","10":"instock","11":"taxable","12":"shipping-taxable","13":"product-type-simple"},"jetpack_sharing_enabled":true,"_links":{"self":[{"href":"https:\/\/officemanager.se\/index.php\/wp-json\/wp\/v2\/product\/298","targetHints":{"allow":["GET"]}}],"collection":[{"href":"https:\/\/officemanager.se\/index.php\/wp-json\/wp\/v2\/product"}],"about":[{"href":"https:\/\/officemanager.se\/index.php\/wp-json\/wp\/v2\/types\/product"}],"replies":[{"embeddable":true,"href":"https:\/\/officemanager.se\/index.php\/wp-json\/wp\/v2\/comments?post=298"}],"wp:featuredmedia":[{"embeddable":true,"href":"https:\/\/officemanager.se\/index.php\/wp-json\/wp\/v2\/media\/1249"}],"wp:attachment":[{"href":"https:\/\/officemanager.se\/index.php\/wp-json\/wp\/v2\/media?parent=298"}],"wp:term":[{"taxonomy":"product_brand","embeddable":true,"href":"https:\/\/officemanager.se\/index.php\/wp-json\/wp\/v2\/product_brand?post=298"},{"taxonomy":"product_cat","embeddable":true,"href":"https:\/\/officemanager.se\/index.php\/wp-json\/wp\/v2\/product_cat?post=298"},{"taxonomy":"product_tag","embeddable":true,"href":"https:\/\/officemanager.se\/index.php\/wp-json\/wp\/v2\/product_tag?post=298"}],"curies":[{"name":"wp","href":"https:\/\/api.w.org\/{rel}","templated":true}]}}